{"id":1604,"date":"2025-08-20T09:29:58","date_gmt":"2025-08-20T09:29:58","guid":{"rendered":"https:\/\/safer.bike\/?page_id=1604"},"modified":"2026-02-15T06:28:47","modified_gmt":"2026-02-15T06:28:47","slug":"accueil","status":"publish","type":"page","link":"https:\/\/safer.bike\/fr\/","title":{"rendered":"Accueil"},"content":{"rendered":"<style>.kb-image1604_69691e-44 .kb-image-has-overlay:after{opacity:0.3;border-top-left-radius:20px;border-top-right-radius:20px;border-bottom-right-radius:20px;border-bottom-left-radius:20px;}.kb-image1604_69691e-44 img.kb-img, .kb-image1604_69691e-44 .kb-img img{border-top:1px solid var(--global-palette1, #3182CE);border-right:1px solid var(--global-palette1, #3182CE);border-bottom:1px solid var(--global-palette1, #3182CE);border-left:1px solid var(--global-palette1, #3182CE);border-top-left-radius:20px;border-top-right-radius:20px;border-bottom-right-radius:20px;border-bottom-left-radius:20px;}@media all and (max-width: 1024px){.kb-image1604_69691e-44 img.kb-img, .kb-image1604_69691e-44 .kb-img img{border-top:1px solid var(--global-palette1, #3182CE);border-right:1px solid var(--global-palette1, #3182CE);border-bottom:1px solid var(--global-palette1, #3182CE);border-left:1px solid var(--global-palette1, #3182CE);}}@media all and (max-width: 767px){.kb-image1604_69691e-44 img.kb-img, .kb-image1604_69691e-44 .kb-img img{border-top:1px solid var(--global-palette1, #3182CE);border-right:1px solid var(--global-palette1, #3182CE);border-bottom:1px solid var(--global-palette1, #3182CE);border-left:1px solid var(--global-palette1, #3182CE);}}<\/style>\n<div class=\"wp-block-kadence-image kb-image1604_69691e-44 is-style-default\"><figure class=\"aligncenter\"><img decoding=\"async\" src=\"https:\/\/safer.bike\/wp-content\/uploads\/2025\/08\/cyclist-using-safety-spacer-for-safe-passing-distance.webp\" alt=\"Am\u00e9liorez votre s\u00e9curit\u00e9 routi\u00e8re\u00a0! L'ecarteur de danger pour v\u00e9lo flexible offre une s\u00e9curit\u00e9 accrue gr\u00e2ce \u00e0 sa conception flexible et hautement r\u00e9fl\u00e9chissante. Facile \u00e0 installer, compacte et efficace, la bande de s\u00e9curit\u00e9 \u00e0 clipser est id\u00e9ale pour tous les v\u00e9los. Achetez-la d\u00e8s maintenant pour une meilleure s\u00e9curit\u00e9 sur la route\u00a0!\" class=\"kb-img wp-image-497\" title=\"Am\u00e9liorez votre s\u00e9curit\u00e9 routi\u00e8re\u00a0! L\u2019Ecarteur de danger pour v\u00e9lo flexible pour v\u00e9lo est un marqueur de distance flexible et hautement r\u00e9fl\u00e9chissant, compatible avec tous les v\u00e9los. Facile \u00e0 installer, compacte et efficace, la bande de s\u00e9curit\u00e9 \u00e0 clipser entretoise est id\u00e9ale pour une s\u00e9curit\u00e9 accrue et des d\u00e9passements en toute s\u00e9curit\u00e9. Achetez-la d\u00e8s maintenant\u00a0!\"\/><\/figure><\/div>\n\n\n\n<h1 class=\"wp-block-heading has-text-align-center has-kb-palette-1-color has-text-color has-link-color wp-elements-5c19f715fbce89dedcd13e6bc37909c4\">Ecarteur de danger pour v\u00e9lo &#8211; flexible &#8211; r\u00e9fl\u00e9chissant<\/h1>\n\n\n<style>.kb-row-layout-id1604_f93289-a8 > .kt-row-column-wrap{align-content:center;}:where(.kb-row-layout-id1604_f93289-a8 > .kt-row-column-wrap) > .wp-block-kadence-column{justify-content:center;}.kb-row-layout-id1604_f93289-a8 > .kt-row-column-wrap{column-gap:var(--global-kb-gap-md, 2rem);row-gap:0px;max-width:956px;margin-left:auto;margin-right:auto;padding-top:0px;padding-bottom:0px;grid-template-columns:minmax(0, 1fr);}.kb-row-layout-id1604_f93289-a8{border-top-left-radius:20px;border-top-right-radius:20px;border-bottom-right-radius:20px;border-bottom-left-radius:20px;isolation:isolate;}.kb-row-layout-id1604_f93289-a8 > .kt-row-layout-overlay{border-top-left-radius:20px;border-top-right-radius:20px;border-bottom-right-radius:20px;border-bottom-left-radius:20px;}.kb-row-layout-id1604_f93289-a8{border-top:0px solid var(--global-palette1, #3182CE);border-right:0px solid var(--global-palette1, #3182CE);border-bottom:0px solid var(--global-palette1, #3182CE);border-left:0px solid var(--global-palette1, #3182CE);}.kb-row-layout-id1604_f93289-a8 > .kt-row-layout-overlay{opacity:0.00;background-color:var(--global-palette9, #ffffff);}.kb-row-layout-id1604_f93289-a8{position:relative;}.kb-row-layout-id1604_f93289-a8 .kt-row-layout-top-sep{height:100px;}.kb-row-layout-id1604_f93289-a8 .kt-row-layout-top-sep svg{width:100%;}.kb-row-layout-id1604_f93289-a8 .kt-row-layout-top-sep svg{fill:var(--global-palette9, #ffffff)!important;}@media all and (max-width: 1024px){.kb-row-layout-id1604_f93289-a8 > .kt-row-column-wrap{grid-template-columns:minmax(0, 1fr);}}@media all and (max-width: 1024px){.kb-row-layout-id1604_f93289-a8{border-top:0px solid var(--global-palette1, #3182CE);border-right:0px solid var(--global-palette1, #3182CE);border-bottom:0px solid var(--global-palette1, #3182CE);border-left:0px solid var(--global-palette1, #3182CE);}}@media all and (max-width: 1024px){.kb-row-layout-id1604_f93289-a8 .kt-row-layout-top-sep{height:0px;}}@media all and (max-width: 767px){.kb-row-layout-id1604_f93289-a8 > .kt-row-column-wrap{grid-template-columns:minmax(0, 1fr);}.kb-row-layout-id1604_f93289-a8{border-top:0px solid var(--global-palette1, #3182CE);border-right:0px solid var(--global-palette1, #3182CE);border-bottom:0px solid var(--global-palette1, #3182CE);border-left:0px solid var(--global-palette1, #3182CE);}.kb-row-layout-id1604_f93289-a8 .kt-row-layout-top-sep{height:0px;}.kb-row-layout-id1604_f93289-a8 .kt-row-layout-top-sep svg{width:100%;}}<\/style><div class=\"kb-row-layout-wrap kb-row-layout-id1604_f93289-a8 alignfull has-theme-palette9-background-color kt-row-has-bg wp-block-kadence-rowlayout\"><div class=\"kt-row-layout-overlay kt-row-overlay-normal\"><\/div><div class=\"kt-row-column-wrap kt-has-1-columns kt-row-layout-equal kt-tab-layout-inherit kt-mobile-layout-row kt-row-valign-middle\">\n<style>.kadence-column1604_bb1ac2-15 > .kt-inside-inner-col{display:flex;}.kadence-column1604_bb1ac2-15 > .kt-inside-inner-col{padding-top:var(--global-kb-spacing-sm, 1.5rem);padding-bottom:var(--global-kb-spacing-xs, 1rem);}.kadence-column1604_bb1ac2-15 > .kt-inside-inner-col{border-top:1px solid var(--global-palette1, #3182CE);border-right:1px solid var(--global-palette1, #3182CE);border-bottom:1px solid var(--global-palette1, #3182CE);border-left:1px solid var(--global-palette1, #3182CE);}.kadence-column1604_bb1ac2-15 > .kt-inside-inner-col,.kadence-column1604_bb1ac2-15 > .kt-inside-inner-col:before{border-top-left-radius:20px;border-top-right-radius:20px;border-bottom-right-radius:20px;border-bottom-left-radius:20px;}.kadence-column1604_bb1ac2-15:hover > .kt-inside-inner-col{border-top:0px solid transparent;border-right:0px solid transparent;border-bottom:0px solid transparent;border-left:0px solid transparent;}.kadence-column1604_bb1ac2-15 > .kt-inside-inner-col{row-gap:var(--global-kb-gap-sm, 1rem);column-gap:var(--global-kb-gap-sm, 1rem);}.kadence-column1604_bb1ac2-15 > .kt-inside-inner-col{flex-direction:column;justify-content:space-between;align-items:center;}.kadence-column1604_bb1ac2-15 > .kt-inside-inner-col > .kb-image-is-ratio-size{align-self:stretch;}.kadence-column1604_bb1ac2-15 > .kt-inside-inner-col > .wp-block-kadence-advancedgallery{align-self:stretch;}.kadence-column1604_bb1ac2-15 > .kt-inside-inner-col > .aligncenter{width:100%;}.kt-row-column-wrap > .kadence-column1604_bb1ac2-15{align-self:center;}.kt-inner-column-height-full:not(.kt-has-1-columns) > .wp-block-kadence-column.kadence-column1604_bb1ac2-15{align-self:auto;}.kt-inner-column-height-full:not(.kt-has-1-columns) > .wp-block-kadence-column.kadence-column1604_bb1ac2-15 > .kt-inside-inner-col{flex-direction:column;justify-content:space-between;}.kadence-column1604_bb1ac2-15{text-align:center;}.kadence-column1604_bb1ac2-15{position:relative;}.kadence-column1604_bb1ac2-15, .kt-inside-inner-col > .kadence-column1604_bb1ac2-15:not(.specificity){margin-bottom:var(--global-kb-spacing-sm, 1.5rem);}@media all and (max-width: 1024px){.kadence-column1604_bb1ac2-15 > .kt-inside-inner-col{border-top:1px solid var(--global-palette1, #3182CE);border-right:1px solid var(--global-palette1, #3182CE);border-bottom:1px solid var(--global-palette1, #3182CE);border-left:1px solid var(--global-palette1, #3182CE);flex-direction:column;justify-content:space-between;align-items:center;}}@media all and (max-width: 1024px){.kadence-column1604_bb1ac2-15:hover > .kt-inside-inner-col{border-top:0px solid transparent;border-right:0px solid transparent;border-bottom:0px solid transparent;border-left:0px solid transparent;}}@media all and (max-width: 1024px){.kt-row-column-wrap > .kadence-column1604_bb1ac2-15{align-self:center;}}@media all and (max-width: 1024px){.kt-inner-column-height-full:not(.kt-has-1-columns) > .wp-block-kadence-column.kadence-column1604_bb1ac2-15{align-self:auto;}}@media all and (max-width: 1024px){.kt-inner-column-height-full:not(.kt-has-1-columns) > .wp-block-kadence-column.kadence-column1604_bb1ac2-15 > .kt-inside-inner-col{flex-direction:column;justify-content:space-between;}}@media all and (max-width: 767px){.kadence-column1604_bb1ac2-15 > .kt-inside-inner-col{border-top:1px solid var(--global-palette1, #3182CE);border-right:1px solid var(--global-palette1, #3182CE);border-bottom:1px solid var(--global-palette1, #3182CE);border-left:1px solid var(--global-palette1, #3182CE);flex-direction:column;justify-content:space-between;align-items:center;}.kadence-column1604_bb1ac2-15:hover > .kt-inside-inner-col{border-top:0px solid transparent;border-right:0px solid transparent;border-bottom:0px solid transparent;border-left:0px solid transparent;}.kt-row-column-wrap > .kadence-column1604_bb1ac2-15{align-self:center;}.kt-inner-column-height-full:not(.kt-has-1-columns) > .wp-block-kadence-column.kadence-column1604_bb1ac2-15{align-self:auto;}.kt-inner-column-height-full:not(.kt-has-1-columns) > .wp-block-kadence-column.kadence-column1604_bb1ac2-15 > .kt-inside-inner-col{flex-direction:column;justify-content:space-between;}}<\/style>\n<div class=\"wp-block-kadence-column kadence-column1604_bb1ac2-15 kb-section-dir-vertical\"><div class=\"kt-inside-inner-col\">\n<figure class=\"wp-block-video\"><video autoplay loop muted poster=\"https:\/\/safer.bike\/wp-content\/uploads\/2025\/12\/Karussell_02-Seite001-1.webp\" preload=\"auto\" src=\"https:\/\/safer.bike\/wp-content\/uploads\/2025\/12\/Dia-Carousel-910-210.mp4\" playsinline><\/video><\/figure>\n<\/div><\/div>\n\n<\/div><\/div>\n\n<style>.kb-image1604_dde2e0-d7 .kb-image-has-overlay:after{opacity:0.3;border-top-left-radius:20px;border-top-right-radius:20px;border-bottom-right-radius:20px;border-bottom-left-radius:20px;}.kb-image1604_dde2e0-d7 img.kb-img, .kb-image1604_dde2e0-d7 .kb-img img{border-top:1px solid var(--global-palette1, #3182CE);border-right:1px solid var(--global-palette1, #3182CE);border-bottom:1px solid var(--global-palette1, #3182CE);border-left:1px solid var(--global-palette1, #3182CE);border-top-left-radius:20px;border-top-right-radius:20px;border-bottom-right-radius:20px;border-bottom-left-radius:20px;}@media all and (max-width: 1024px){.kb-image1604_dde2e0-d7 img.kb-img, .kb-image1604_dde2e0-d7 .kb-img img{border-top:1px solid var(--global-palette1, #3182CE);border-right:1px solid var(--global-palette1, #3182CE);border-bottom:1px solid var(--global-palette1, #3182CE);border-left:1px solid var(--global-palette1, #3182CE);}}@media all and (max-width: 767px){.kb-image1604_dde2e0-d7 img.kb-img, .kb-image1604_dde2e0-d7 .kb-img img{border-top:1px solid var(--global-palette1, #3182CE);border-right:1px solid var(--global-palette1, #3182CE);border-bottom:1px solid var(--global-palette1, #3182CE);border-left:1px solid var(--global-palette1, #3182CE);}}<\/style>\n<div class=\"wp-block-kadence-image kb-image1604_dde2e0-d7\"><figure class=\"aligncenter size-full\"><img decoding=\"async\" src=\"https:\/\/safer.bike\/wp-content\/uploads\/2025\/08\/afety-spacer-kit-contents-mount-snap-band.webp\" alt=\"Am\u00e9liorez votre s\u00e9curit\u00e9 routi\u00e8re\u00a0! L\u2019Ecarteur de danger pour v\u00e9lo flexible pour v\u00e9lo est un marqueur de distance flexible et hautement r\u00e9fl\u00e9chissant, compatible avec tous les v\u00e9los. Facile \u00e0 installer, compacte et efficace, la bande de s\u00e9curit\u00e9 \u00e0 clipser entretoise est id\u00e9ale pour une s\u00e9curit\u00e9 accrue et des d\u00e9passements en toute s\u00e9curit\u00e9. Achetez-la d\u00e8s maintenant\u00a0!\" class=\"kb-img wp-image-508\" title=\"Ensemble de 3 pi\u00e8ces de la bande de s\u00e9curit\u00e9 \u00e0 pression, l'Ecarteur de danger pour v\u00e9lo, comprenant un support, une bande r\u00e9fl\u00e9chissante \u00e0 pression et une bande en silicone.\"\/><\/figure><\/div>\n\n\n\n<h1 class=\"wp-block-heading has-text-align-center has--font-size has-kb-palette-1-color has-text-color has-link-color wp-elements-2faccc9833ce16ddcc8ea91615284e59\">Safety Spacer Snap Band<br>(ensemble de trois pi\u00e8ces)<br>19,90 \u20ac (livraison gratuite)<\/h1>\n\n\n<style>.kadence-column1604_71f164-49 > .kt-inside-inner-col,.kadence-column1604_71f164-49 > .kt-inside-inner-col:before{border-top-left-radius:0px;border-top-right-radius:0px;border-bottom-right-radius:0px;border-bottom-left-radius:0px;}.kadence-column1604_71f164-49 > .kt-inside-inner-col{column-gap:var(--global-kb-gap-sm, 1rem);}.kadence-column1604_71f164-49 > .kt-inside-inner-col{flex-direction:column;}.kadence-column1604_71f164-49 > .kt-inside-inner-col > .aligncenter{width:100%;}.kadence-column1604_71f164-49 > .kt-inside-inner-col:before{opacity:0.3;}.kadence-column1604_71f164-49{position:relative;}@media all and (max-width: 1024px){.kadence-column1604_71f164-49 > .kt-inside-inner-col{flex-direction:column;justify-content:center;}}@media all and (max-width: 767px){.kadence-column1604_71f164-49 > .kt-inside-inner-col{flex-direction:column;justify-content:center;}}<\/style>\n<div class=\"wp-block-kadence-column kadence-column1604_71f164-49\"><div class=\"kt-inside-inner-col\"><style>.kadence-column1604_50a181-56 > .kt-inside-inner-col,.kadence-column1604_50a181-56 > .kt-inside-inner-col:before{border-top-left-radius:0px;border-top-right-radius:0px;border-bottom-right-radius:0px;border-bottom-left-radius:0px;}.kadence-column1604_50a181-56 > .kt-inside-inner-col{column-gap:var(--global-kb-gap-sm, 1rem);}.kadence-column1604_50a181-56 > .kt-inside-inner-col{flex-direction:column;}.kadence-column1604_50a181-56 > .kt-inside-inner-col > .aligncenter{width:100%;}.kadence-column1604_50a181-56 > .kt-inside-inner-col:before{opacity:0.3;}.kadence-column1604_50a181-56{position:relative;}@media all and (max-width: 1024px){.kadence-column1604_50a181-56 > .kt-inside-inner-col{flex-direction:column;justify-content:center;}}@media all and (max-width: 767px){.kadence-column1604_50a181-56 > .kt-inside-inner-col{flex-direction:column;justify-content:center;}}<\/style>\n<div class=\"wp-block-kadence-column kadence-column1604_50a181-56\"><div class=\"kt-inside-inner-col\">\n<h3 class=\"wp-block-heading has-text-align-center has-kb-palette-1-color has-text-color has-link-color wp-elements-c393be516103edeff20efdf7a9798e2d\" style=\"margin-top:var(--wp--preset--spacing--40);margin-bottom:var(--wp--preset--spacing--40);padding-top:0;padding-bottom:0\">Remises quantitatives jusqu&rsquo;\u00e0 20 %<\/h3>\n<\/div><\/div>\n<\/div><\/div>\n\n\n<style>.wp-block-kadence-advancedbtn.kb-btns1604_04af0c-1f{gap:var(--global-kb-gap-xs, 0.5rem );justify-content:center;align-items:center;}.kt-btns1604_04af0c-1f .kt-button{font-weight:normal;font-style:normal;}.kt-btns1604_04af0c-1f .kt-btn-wrap-0{margin-right:5px;}.wp-block-kadence-advancedbtn.kt-btns1604_04af0c-1f .kt-btn-wrap-0 .kt-button{color:#555555;border-color:#555555;}.wp-block-kadence-advancedbtn.kt-btns1604_04af0c-1f .kt-btn-wrap-0 .kt-button:hover, .wp-block-kadence-advancedbtn.kt-btns1604_04af0c-1f .kt-btn-wrap-0 .kt-button:focus{color:#ffffff;border-color:#444444;}.wp-block-kadence-advancedbtn.kt-btns1604_04af0c-1f .kt-btn-wrap-0 .kt-button::before{display:none;}.wp-block-kadence-advancedbtn.kt-btns1604_04af0c-1f .kt-btn-wrap-0 .kt-button:hover, .wp-block-kadence-advancedbtn.kt-btns1604_04af0c-1f .kt-btn-wrap-0 .kt-button:focus{background:#444444;}<\/style>\n<div class=\"wp-block-kadence-advancedbtn kb-buttons-wrap kb-btns1604_04af0c-1f\"><style>ul.menu .wp-block-kadence-advancedbtn .kb-btn1604_563b0b-60.kb-button{width:initial;}.wp-block-kadence-advancedbtn .kb-btn1604_563b0b-60.kb-button{background:#d62727;border-top-left-radius:20px;border-top-right-radius:20px;border-bottom-right-radius:20px;border-bottom-left-radius:20px;box-shadow:0px 0px 0px 0px rgba(0, 0, 0, 0.2);}.wp-block-kadence-advancedbtn .kb-btn1604_563b0b-60.kb-button:hover, .wp-block-kadence-advancedbtn .kb-btn1604_563b0b-60.kb-button:focus{color:var(--global-palette1, #3182CE);background:#177c91;border-top-left-radius:20px;border-top-right-radius:20px;border-bottom-right-radius:20px;border-bottom-left-radius:20px;}<\/style><a class=\"kb-button kt-button button kb-btn1604_563b0b-60 kt-btn-size-standard kt-btn-width-type-auto kb-btn-global-inherit  kt-btn-has-text-true kt-btn-has-svg-false  wp-block-button__link wp-block-kadence-singlebtn\" href=\"https:\/\/safer.bike\/fr\/shop\/safety-spacer-snap-band-ecarteur-de-danger-pour-velo\/\"><span class=\"kt-btn-inner-text\">Voir l\u2018article<\/span><\/a>\n\n<style>ul.menu .wp-block-kadence-advancedbtn .kb-btn1604_113107-00.kb-button{width:initial;}.wp-block-kadence-advancedbtn .kb-btn1604_113107-00.kb-button{border-top-left-radius:20px;border-top-right-radius:20px;border-bottom-right-radius:20px;border-bottom-left-radius:20px;box-shadow:0px 0px 0px 0px rgba(0, 0, 0, 0.2);}.wp-block-kadence-advancedbtn .kb-btn1604_113107-00.kb-button:hover, .wp-block-kadence-advancedbtn .kb-btn1604_113107-00.kb-button:focus{color:var(--global-palette1, #3182CE);background:#177c91;border-top-left-radius:20px;border-top-right-radius:20px;border-bottom-right-radius:20px;border-bottom-left-radius:20px;}<\/style><a class=\"kb-button kt-button button kb-btn1604_113107-00 kt-btn-size-standard kt-btn-width-type-auto kb-btn-global-inherit  kt-btn-has-text-true kt-btn-has-svg-false  wp-block-button__link wp-block-kadence-singlebtn\" href=\"https:\/\/safer.bike\/fr\/etre-depasse\/\"><span class=\"kt-btn-inner-text\">\u00catre d\u00e9pass\u00e9<\/span><\/a><\/div>\n\n\n<style>.kb-image1604_87cc68-9c .kb-image-has-overlay:after{opacity:0.3;border-top-left-radius:20px;border-top-right-radius:20px;border-bottom-right-radius:20px;border-bottom-left-radius:20px;}.kb-image1604_87cc68-9c img.kb-img, .kb-image1604_87cc68-9c .kb-img img{border-top:1px solid var(--global-palette1, #3182CE);border-right:1px solid var(--global-palette1, #3182CE);border-bottom:1px solid var(--global-palette1, #3182CE);border-left:1px solid var(--global-palette1, #3182CE);border-top-left-radius:20px;border-top-right-radius:20px;border-bottom-right-radius:20px;border-bottom-left-radius:20px;}@media all and (max-width: 1024px){.kb-image1604_87cc68-9c img.kb-img, .kb-image1604_87cc68-9c .kb-img img{border-top:1px solid var(--global-palette1, #3182CE);border-right:1px solid var(--global-palette1, #3182CE);border-bottom:1px solid var(--global-palette1, #3182CE);border-left:1px solid var(--global-palette1, #3182CE);}}@media all and (max-width: 767px){.kb-image1604_87cc68-9c img.kb-img, .kb-image1604_87cc68-9c .kb-img img{border-top:1px solid var(--global-palette1, #3182CE);border-right:1px solid var(--global-palette1, #3182CE);border-bottom:1px solid var(--global-palette1, #3182CE);border-left:1px solid var(--global-palette1, #3182CE);}}<\/style>\n<div class=\"wp-block-kadence-image kb-image1604_87cc68-9c\"><figure class=\"aligncenter size-full\"><img decoding=\"async\" src=\"https:\/\/safer.bike\/wp-content\/uploads\/2025\/08\/cyclist-with-safety-spacer-in-tunnel-for-night-visibility.webp\" alt=\"Un cycliste utilise un Ecarteur de danger pour v\u00e9lo r\u00e9fl\u00e9chissante afin d'\u00eatre mieux visible la nuit dans un passage souterrain sombre, \u00e0 c\u00f4t\u00e9 d'une voiture qui le d\u00e9passe.\n\nAm\u00e9liorez votre s\u00e9curit\u00e9 routi\u00e8re\u00a0! Cette entretoise flexible pour v\u00e9lo est un rep\u00e8re de distance hautement r\u00e9fl\u00e9chissant, compatible avec tous les v\u00e9los. Facile \u00e0 installer, compacte et efficace, l'entretoise de s\u00e9curit\u00e9 \u00e0 fixation rapide est un accessoire indispensable. Achetez-la d\u00e8s maintenant pour une s\u00e9curit\u00e9 accrue sur la route\u00a0!\" class=\"kb-img wp-image-13\" title=\"Am\u00e9liorez votre s\u00e9curit\u00e9 routi\u00e8re\u00a0! Cette entretoise flexible pour v\u00e9lo est un rep\u00e8re de distance hautement r\u00e9fl\u00e9chissant, compatible avec tous les v\u00e9los. Facile \u00e0 installer, compacte et efficace, l'entretoise de s\u00e9curit\u00e9 \u00e0 fixation rapide est un accessoire indispensable. Achetez-la d\u00e8s maintenant pour une s\u00e9curit\u00e9 accrue sur la route\u00a0!\"\/><\/figure><\/div>\n\n\n\n<h1 class=\"wp-block-heading has-text-align-center has--font-size has-kb-palette-1-color has-text-color has-link-color wp-elements-e709dfcebcfef19a3a227c7a3118b6e0\">\u00c9carteurs de danger pour v\u00e9los \u2013<br>Plus de s\u00e9curit\u00e9 pour les cyclistes lors des d\u00e9passements<\/h1>\n\n\n<style>.wp-block-kadence-advancedheading.kt-adv-heading90_020c44-01_0, .wp-block-kadence-advancedheading.kt-adv-heading90_020c44-01_0[data-kb-block=\"kb-adv-heading90_020c44-01_0\"]{font-style:normal;}.wp-block-kadence-advancedheading.kt-adv-heading90_020c44-01_0 mark.kt-highlight, .wp-block-kadence-advancedheading.kt-adv-heading90_020c44-01_0[data-kb-block=\"kb-adv-heading90_020c44-01_0\"] mark.kt-highlight{font-style:normal;color:#f76a0c;-webkit-box-decoration-break:clone;box-decoration-break:clone;padding-top:0px;padding-right:0px;padding-bottom:0px;padding-left:0px;}.wp-block-kadence-advancedheading.kt-adv-heading90_020c44-01_0 img.kb-inline-image, .wp-block-kadence-advancedheading.kt-adv-heading90_020c44-01_0[data-kb-block=\"kb-adv-heading90_020c44-01_0\"] img.kb-inline-image{width:150px;vertical-align:baseline;}<\/style>\n<p class=\"kt-adv-heading90_020c44-01_0 wp-block-kadence-advancedheading\" data-kb-block=\"kb-adv-heading90_020c44-01_0\">Tous les cyclistes en font l&rsquo;exp\u00e9rience presque quotidiennement : une voiture les d\u00e9passe sans respecter la distance de s\u00e9curit\u00e9 r\u00e9glementaire, souvent \u00e0 grande vitesse. Cela provoque du stress et de la peur, m\u00eame chez les cyclistes exp\u00e9riment\u00e9s.<br>Il est g\u00e9n\u00e9ralement impossible de se d\u00e9placer vers la droite en raison des bordures de trottoir ou des voitures gar\u00e9es. M\u00eame dans les rues r\u00e9sidentielles calmes, les d\u00e9passements sont extr\u00eamement serr\u00e9s lorsque les cyclistes gardent leurs distances par rapport aux voitures gar\u00e9es afin d&rsquo;\u00e9viter de percuter des portes qui s&rsquo;ouvrent soudainement.<br>Certains cyclistes tentent de se prot\u00e9ger \u00e0 l&rsquo;aide d&rsquo;un \u00e9carteur plastique r\u00e9flechissant, d&rsquo;\u00e9carteurs fabriqu\u00e9s maison ou d&rsquo;une frite de piscine de 1,5 m de long, tous mont\u00e9s sur le porte-bagage. Ces derni\u00e8res sont toutefois peu pratiques. De plus, les automobilistes r\u00e9agissent souvent de mani\u00e8re agressive lorsque les cyclistes les utilisent pour exiger une distance de s\u00e9curit\u00e9 suppl\u00e9mentaire. M\u00eame si les frites de piscine indiquent correctement la distance \u00e0 respecter lors d&rsquo;un d\u00e9passement, elles ne sont pas adapt\u00e9es \u00e0 un usage quotidien. Et elles constituent un obstacle lorsque l&rsquo;on souhaite d\u00e9passer par la droite les voitures qui attendent \u00e0 un feu rouge.<br>Notre \u00ab Safety Spacer Snap Band \u00bb est un espaceur pratique pour tous les cyclistes, tous les v\u00e9los, tous les trajets, toutes les conditions de circulation, tous les jours et \u00e0 toute heure.<br>Il s&rsquo;adapte \u00e0 tous les guidons, est facile \u00e0 installer, flexible, maniable et enroulable.<br>La bande jaune hautement r\u00e9fl\u00e9chissante du Safety Spacer est bien visible dans les passages souterrains sombres, par mauvais temps, au cr\u00e9puscule et la nuit.      <\/p>\n","protected":false},"excerpt":{"rendered":"<p>Ecarteur de danger pour v\u00e9lo &#8211; flexible &#8211; r\u00e9fl\u00e9chissant Safety Spacer Snap Band(ensemble de trois pi\u00e8ces)19,90 \u20ac (livraison gratuite) Remises quantitatives jusqu&rsquo;\u00e0 20 % \u00c9carteurs de danger pour v\u00e9los \u2013Plus de s\u00e9curit\u00e9 pour les cyclistes lors des d\u00e9passements Tous les cyclistes en font l&rsquo;exp\u00e9rience presque quotidiennement : une voiture les d\u00e9passe sans respecter la distance&#8230;<\/p>\n","protected":false},"author":1,"featured_media":0,"parent":0,"menu_order":0,"comment_status":"closed","ping_status":"closed","template":"","meta":{"_kadence_starter_templates_imported_post":false,"_kad_post_transparent":"","_kad_post_title":"","_kad_post_layout":"","_kad_post_sidebar_id":"","_kad_post_content_style":"","_kad_post_vertical_padding":"","_kad_post_feature":"","_kad_post_feature_position":"","_kad_post_header":false,"_kad_post_footer":false,"_kad_post_classname":"","footnotes":""},"class_list":["post-1604","page","type-page","status-publish","hentry"],"_links":{"self":[{"href":"https:\/\/safer.bike\/fr\/wp-json\/wp\/v2\/pages\/1604","targetHints":{"allow":["GET"]}}],"collection":[{"href":"https:\/\/safer.bike\/fr\/wp-json\/wp\/v2\/pages"}],"about":[{"href":"https:\/\/safer.bike\/fr\/wp-json\/wp\/v2\/types\/page"}],"author":[{"embeddable":true,"href":"https:\/\/safer.bike\/fr\/wp-json\/wp\/v2\/users\/1"}],"replies":[{"embeddable":true,"href":"https:\/\/safer.bike\/fr\/wp-json\/wp\/v2\/comments?post=1604"}],"version-history":[{"count":15,"href":"https:\/\/safer.bike\/fr\/wp-json\/wp\/v2\/pages\/1604\/revisions"}],"predecessor-version":[{"id":100059,"href":"https:\/\/safer.bike\/fr\/wp-json\/wp\/v2\/pages\/1604\/revisions\/100059"}],"wp:attachment":[{"href":"https:\/\/safer.bike\/fr\/wp-json\/wp\/v2\/media?parent=1604"}],"curies":[{"name":"wp","href":"https:\/\/api.w.org\/{rel}","templated":true}]}}