{"id":1631,"date":"2025-08-20T09:29:56","date_gmt":"2025-08-20T09:29:56","guid":{"rendered":"https:\/\/safer.bike\/?page_id=1631"},"modified":"2025-11-11T05:27:30","modified_gmt":"2025-11-11T05:27:30","slug":"sadapte-a-tous-les-guidons","status":"publish","type":"page","link":"https:\/\/safer.bike\/fr\/sadapte-a-tous-les-guidons\/","title":{"rendered":"S\u2018adapte \u00e0 tous les guidons"},"content":{"rendered":"<style>.wp-block-kadence-advancedheading.kt-adv-heading1631_4ace34-16, .wp-block-kadence-advancedheading.kt-adv-heading1631_4ace34-16[data-kb-block=\"kb-adv-heading1631_4ace34-16\"]{text-align:center;font-style:normal;}.wp-block-kadence-advancedheading.kt-adv-heading1631_4ace34-16 mark.kt-highlight, .wp-block-kadence-advancedheading.kt-adv-heading1631_4ace34-16[data-kb-block=\"kb-adv-heading1631_4ace34-16\"] mark.kt-highlight{font-style:normal;color:#f76a0c;-webkit-box-decoration-break:clone;box-decoration-break:clone;padding-top:0px;padding-right:0px;padding-bottom:0px;padding-left:0px;}.wp-block-kadence-advancedheading.kt-adv-heading1631_4ace34-16 img.kb-inline-image, .wp-block-kadence-advancedheading.kt-adv-heading1631_4ace34-16[data-kb-block=\"kb-adv-heading1631_4ace34-16\"] img.kb-inline-image{width:150px;vertical-align:baseline;}@media all and (max-width: 767px){.wp-block-kadence-advancedheading.kt-adv-heading1631_4ace34-16, .wp-block-kadence-advancedheading.kt-adv-heading1631_4ace34-16[data-kb-block=\"kb-adv-heading1631_4ace34-16\"]{font-size:var(--global-kb-font-size-md, 1.25rem);}}<\/style>\n<h1 class=\"kt-adv-heading1631_4ace34-16 wp-block-kadence-advancedheading has-theme-palette-4-color has-text-color\" data-kb-block=\"kb-adv-heading1631_4ace34-16\">Ecarteur pour v\u00e9lo pour plus de s\u00e9curit\u00e9 &#8211; Le Safety Spacer<\/h1>\n\n\n<div class=\"wp-block-image\">\n<figure class=\"aligncenter has-custom-border\" style=\"margin-top:var(--wp--preset--spacing--60);margin-bottom:var(--wp--preset--spacing--60)\"><img decoding=\"async\" src=\"https:\/\/safer.bike\/wp-content\/uploads\/2025\/08\/safety-spacer-folded-on-bicycle-handlebar.webp\" alt=\"The Safety Spacer for cyclists is shown folded and attached to a red bicycle handlebar. This &quot;Abstandshalter&quot; features a coiled, high-reflectivity band for compact storage. \" class=\"has-border-color has-theme-palette-4-border-color\" style=\"border-width:1px;border-radius:20px;object-fit:cover\" title=\"The Safety Spacer in its compact, folded position, mounted neatly on a modern bicycle handlebar with a red grip.\"\/><\/figure><\/div>\n\n<div class=\"wp-block-image\">\n<figure class=\"aligncenter has-custom-border\" style=\"margin-top:0;margin-bottom:0\"><img decoding=\"async\" src=\"https:\/\/safer.bike\/wp-content\/uploads\/2025\/08\/safety-spacer-extended-on-road-bike.webp\" alt=\"The Safety Spacer's high-reflectivity band is extended from a road bike, creating a visual cue for vehicles to maintain a safe passing distance.\" style=\"border-width:1px;border-radius:20px;object-fit:cover\" title=\"The Safety Spacer's reflective band is extended from a red road bike to ensure a safe passing distance from vehicles.\"\/><\/figure><\/div>\n\n<div class=\"wp-block-image\">\n<figure class=\"aligncenter has-custom-border\" style=\"margin-top:var(--wp--preset--spacing--60);margin-bottom:var(--wp--preset--spacing--60)\"><img decoding=\"async\" src=\"https:\/\/safer.bike\/wp-content\/uploads\/2025\/08\/safety-spacer-on-city-bike-with-basket.webp\" alt=\"The Safety Spacer is mounted on the handlebar of a city bike with a front basket. The extended, high-reflectivity band clearly marks the desired safe passing distance. \" style=\"border-width:1px;border-radius:20px;object-fit:cover\" title=\"The Safety Spacer is compatible with all bike types, shown here extended on a city bike with a front basket.\"\/><\/figure><\/div>\n\n<div class=\"wp-block-image\">\n<figure class=\"aligncenter has-custom-border\"><img decoding=\"async\" src=\"https:\/\/safer.bike\/wp-content\/uploads\/2025\/08\/safety-spacer-on-classic-bicycle-handlebar.webp\" alt=\"A close-up shows the Safety Spacer's high-reflectivity band extended from a classic bicycle handlebar, acting as an &quot;Abstandshalter&quot; to encourage a safe passing distance.\" class=\"has-border-color has-theme-palette-4-border-color\" style=\"border-width:1px;border-radius:20px;object-fit:cover\" title=\" The high-reflectivity Safety Spacer extended from a classic, curved bicycle handlebar to increase visibility.\"\/><\/figure><\/div>\n\n\n<figure class=\"wp-block-image aligncenter has-custom-border\"><img decoding=\"async\" src=\"https:\/\/safer.bike\/wp-content\/uploads\/2025\/08\/extended-safety-spacer-on-swept-back-handlebar.webp\" alt=\"A bicycle with classic swept-back handlebars is equipped with the Safety Spacer. The extended, high-reflectivity band acts as a visual &quot;Abstandshalter&quot; to ensure a safe passing distance. \n\" style=\"border-width:1px;border-radius:20px;object-fit:cover\" title=\"The Safety Spacer provides a clear visual guide for safe passing, shown here on a bike with swept-back handlebars.\"\/><\/figure>\n\n\n<div class=\"wp-block-image\">\n<figure class=\"aligncenter has-custom-border\"><img decoding=\"async\" src=\"https:\/\/safer.bike\/wp-content\/uploads\/2025\/08\/safety-spacer-in-folded-position-on-handlebar.webp\" alt=\"The Safety Spacer's high-reflectivity band is shown neatly coiled in its folded position, attached to the end of a bicycle handlebar. It's ready to be extended to ensure a safe passing distance. \" style=\"border-width:1px;border-radius:20px;object-fit:cover\" title=\"Close-up of the Safety Spacer in its tidy, folded state, ready to be deployed when needed.\"\/><\/figure><\/div>\n\n<style>.kb-image1631_21431f-f0 .kb-image-has-overlay:after{opacity:0.3;}<\/style>\n<div class=\"wp-block-kadence-image kb-image1631_21431f-f0\"><figure class=\"aligncenter\"><img loading=\"lazy\" decoding=\"async\" width=\"1000\" height=\"913\" src=\"https:\/\/safer.bike\/wp-content\/uploads\/2025\/08\/safety-spacer-snap-band-product-packaging.webp\" alt=\"The product packaging for the \" class=\"kb-img wp-image-685\" title=\"The Safety Spacer Snap Band in its retail packaging.\" srcset=\"https:\/\/safer.bike\/wp-content\/uploads\/2025\/08\/safety-spacer-snap-band-product-packaging.webp 1000w, https:\/\/safer.bike\/wp-content\/uploads\/2025\/08\/safety-spacer-snap-band-product-packaging-300x274.webp 300w, https:\/\/safer.bike\/wp-content\/uploads\/2025\/08\/safety-spacer-snap-band-product-packaging-768x701.webp 768w, https:\/\/safer.bike\/wp-content\/uploads\/2025\/08\/safety-spacer-snap-band-product-packaging-400x365.webp 400w\" sizes=\"auto, (max-width: 1000px) 100vw, 1000px\" \/><\/figure><\/div>\n\n\n<style>.wp-block-kadence-advancedbtn.kb-btns1631_852804-53{gap:var(--global-kb-gap-xs, 0.5rem );justify-content:center;align-items:center;}.kt-btns1631_852804-53 .kt-button{font-weight:normal;font-style:normal;}.kt-btns1631_852804-53 .kt-btn-wrap-0{margin-right:5px;}.wp-block-kadence-advancedbtn.kt-btns1631_852804-53 .kt-btn-wrap-0 .kt-button{color:#555555;border-color:#555555;}.wp-block-kadence-advancedbtn.kt-btns1631_852804-53 .kt-btn-wrap-0 .kt-button:hover, .wp-block-kadence-advancedbtn.kt-btns1631_852804-53 .kt-btn-wrap-0 .kt-button:focus{color:#ffffff;border-color:#444444;}.wp-block-kadence-advancedbtn.kt-btns1631_852804-53 .kt-btn-wrap-0 .kt-button::before{display:none;}.wp-block-kadence-advancedbtn.kt-btns1631_852804-53 .kt-btn-wrap-0 .kt-button:hover, .wp-block-kadence-advancedbtn.kt-btns1631_852804-53 .kt-btn-wrap-0 .kt-button:focus{background:#444444;}<\/style>\n<div class=\"wp-block-kadence-advancedbtn kb-buttons-wrap kb-btns1631_852804-53\"><style>ul.menu .wp-block-kadence-advancedbtn .kb-btn1631_a74c3f-d0.kb-button{width:initial;}.wp-block-kadence-advancedbtn .kb-btn1631_a74c3f-d0.kb-button{background:#d62727;border-top-left-radius:20px;border-top-right-radius:20px;border-bottom-right-radius:20px;border-bottom-left-radius:20px;}.wp-block-kadence-advancedbtn .kb-btn1631_a74c3f-d0.kb-button:hover, .wp-block-kadence-advancedbtn .kb-btn1631_a74c3f-d0.kb-button:focus{color:var(--global-palette7, #EDF2F7);background:#177c91;}<\/style><a class=\"kb-button kt-button button kb-btn1631_a74c3f-d0 kt-btn-size-standard kt-btn-width-type-auto kb-btn-global-fill  kt-btn-has-text-true kt-btn-has-svg-false  wp-block-kadence-singlebtn\" href=\"https:\/\/safer.bike\/fr\/shop\/safety-spacer-snap-band-ecarteur-flexible-pour-velos\/\"><span class=\"kt-btn-inner-text\">Voir l\u2018article<\/span><\/a>\n\n<style>ul.menu .wp-block-kadence-advancedbtn .kb-btn1631_fa3ff3-66.kb-button{width:initial;}.wp-block-kadence-advancedbtn .kb-btn1631_fa3ff3-66.kb-button{border-top-left-radius:20px;border-top-right-radius:20px;border-bottom-right-radius:20px;border-bottom-left-radius:20px;}.wp-block-kadence-advancedbtn .kb-btn1631_fa3ff3-66.kb-button:hover, .wp-block-kadence-advancedbtn .kb-btn1631_fa3ff3-66.kb-button:focus{color:var(--global-palette7, #EDF2F7);background:#177c91;}<\/style><a class=\"kb-button kt-button button kb-btn1631_fa3ff3-66 kt-btn-size-standard kt-btn-width-type-auto kb-btn-global-fill  kt-btn-has-text-true kt-btn-has-svg-false  wp-block-kadence-singlebtn\" href=\"https:\/\/safer.bike\/fr\/instructions-de-montages\/\"><span class=\"kt-btn-inner-text\">Instructions de montages<\/span><\/a><\/div>\n","protected":false},"excerpt":{"rendered":"<p>Ecarteur pour v\u00e9lo pour plus de s\u00e9curit\u00e9 &#8211; Le Safety Spacer<\/p>\n","protected":false},"author":1,"featured_media":0,"parent":0,"menu_order":0,"comment_status":"closed","ping_status":"closed","template":"","meta":{"_kadence_starter_templates_imported_post":false,"_kad_post_transparent":"","_kad_post_title":"","_kad_post_layout":"","_kad_post_sidebar_id":"","_kad_post_content_style":"","_kad_post_vertical_padding":"","_kad_post_feature":"","_kad_post_feature_position":"","_kad_post_header":false,"_kad_post_footer":false,"_kad_post_classname":"","footnotes":""},"class_list":["post-1631","page","type-page","status-publish","hentry"],"_links":{"self":[{"href":"https:\/\/safer.bike\/fr\/wp-json\/wp\/v2\/pages\/1631","targetHints":{"allow":["GET"]}}],"collection":[{"href":"https:\/\/safer.bike\/fr\/wp-json\/wp\/v2\/pages"}],"about":[{"href":"https:\/\/safer.bike\/fr\/wp-json\/wp\/v2\/types\/page"}],"author":[{"embeddable":true,"href":"https:\/\/safer.bike\/fr\/wp-json\/wp\/v2\/users\/1"}],"replies":[{"embeddable":true,"href":"https:\/\/safer.bike\/fr\/wp-json\/wp\/v2\/comments?post=1631"}],"version-history":[{"count":3,"href":"https:\/\/safer.bike\/fr\/wp-json\/wp\/v2\/pages\/1631\/revisions"}],"predecessor-version":[{"id":1830,"href":"https:\/\/safer.bike\/fr\/wp-json\/wp\/v2\/pages\/1631\/revisions\/1830"}],"wp:attachment":[{"href":"https:\/\/safer.bike\/fr\/wp-json\/wp\/v2\/media?parent=1631"}],"curies":[{"name":"wp","href":"https:\/\/api.w.org\/{rel}","templated":true}]}}