{"id":1642,"date":"2025-08-20T09:29:56","date_gmt":"2025-08-20T09:29:56","guid":{"rendered":"https:\/\/safer.bike\/?page_id=1642"},"modified":"2025-11-10T02:47:24","modified_gmt":"2025-11-10T02:47:24","slug":"instructions-de-montages","status":"publish","type":"page","link":"https:\/\/safer.bike\/fr\/instructions-de-montages\/","title":{"rendered":"Instructions de montages"},"content":{"rendered":"\n<h1 class=\"wp-block-heading alignfull has-text-align-center has-kb-palette-1-color has-text-color has-link-color wp-elements-fbba7cc32121d0846f534fa28a8ff65f\">Instructions de montages pour votre Safety Spacer Snap Band<\/h1>\n\n\n\n<div class=\"wp-block-columns is-layout-flex wp-container-core-columns-is-layout-9d6595d7 wp-block-columns-is-layout-flex\">\n<div class=\"wp-block-column is-layout-flow wp-block-column-is-layout-flow\">\n<figure class=\"wp-block-image has-custom-border\"><img decoding=\"async\" src=\"https:\/\/safer.bike\/wp-content\/uploads\/2025\/08\/safety-spacer-kit-contents-mount-strap-band.webp\" alt=\"Safety Spacer assembly instructions: The three components of the Safety Spacer kit: the black handlebar mount, the coiled high-reflectivity snap band, and the flexible silicone strap for attachment.\" style=\"border-width:1px;border-radius:20px\" title=\"The complete Safety Spacer kit, including the universal handlebar mount, flexible strap, and reflective snap band.\"\/><\/figure>\n<\/div>\n\n\n\n<div class=\"wp-block-column is-layout-flow wp-block-column-is-layout-flow\"><style>.wp-block-kadence-advancedheading.kt-adv-heading1642_ac18f1-90, .wp-block-kadence-advancedheading.kt-adv-heading1642_ac18f1-90[data-kb-block=\"kb-adv-heading1642_ac18f1-90\"]{padding-top:0px;font-style:normal;}.wp-block-kadence-advancedheading.kt-adv-heading1642_ac18f1-90 mark.kt-highlight, .wp-block-kadence-advancedheading.kt-adv-heading1642_ac18f1-90[data-kb-block=\"kb-adv-heading1642_ac18f1-90\"] mark.kt-highlight{font-style:normal;color:#f76a0c;-webkit-box-decoration-break:clone;box-decoration-break:clone;padding-top:0px;padding-right:0px;padding-bottom:0px;padding-left:0px;}.wp-block-kadence-advancedheading.kt-adv-heading1642_ac18f1-90 img.kb-inline-image, .wp-block-kadence-advancedheading.kt-adv-heading1642_ac18f1-90[data-kb-block=\"kb-adv-heading1642_ac18f1-90\"] img.kb-inline-image{width:150px;vertical-align:baseline;}<\/style>\n<p class=\"kt-adv-heading1642_ac18f1-90 wp-block-kadence-advancedheading\" data-kb-block=\"kb-adv-heading1642_ac18f1-90\">Le kit comprend 3 \u00e9l\u00e9ments :<\/p>\n\n\n\n<ul class=\"wp-block-list has-theme-palette-4-color has-text-color has-link-color wp-elements-08df0cd6b3143f99535676a39192b21f\">\n<li><p class=\"body-large\" dir=\"auto\">Support (pivotant et inclinable)<\/p><\/li>\n\n\n\n<li class=\"has-theme-palette-4-color has-text-color has-link-color wp-elements-2fa5fd030392f38ed9a8a778c28597cc\"><p class=\"body-large\" dir=\"auto\">Bande \u00e0 claquer (slap wrap), r\u00e9fl\u00e9chissante des deux c\u00f4t\u00e9s<\/p><\/li>\n\n\n\n<li class=\"has-theme-palette-4-color has-text-color has-link-color wp-elements-e55555baef8df33ca3ba0509dfe00045\"><p class=\"body-large\" dir=\"auto\">Bande \u00e9lastique en silicone<\/p><\/li>\n<\/ul>\n<\/div>\n<\/div>\n\n\n\n<div class=\"wp-block-columns is-layout-flex wp-container-core-columns-is-layout-9d6595d7 wp-block-columns-is-layout-flex\">\n<div class=\"wp-block-column is-layout-flow wp-block-column-is-layout-flow\">\n<figure class=\"wp-block-image has-custom-border\"><img decoding=\"async\" src=\"https:\/\/safer.bike\/wp-content\/uploads\/2025\/08\/safety-spacer-handlebar-mount-with-strap.webp\" alt=\"A close-up of the black mounting bracket for the Safety Spacer. This component holds the reflective Snap Band and is secured to the bicycle handlebar with the attached strap. \n\" style=\"border-width:1px;border-radius:20px\" title=\"Close-up of the durable and flexible handlebar mount for the Safety Spacer\"\/><\/figure>\n<\/div>\n\n\n\n<div class=\"wp-block-column is-layout-flow wp-block-column-is-layout-flow\">\n<p class=\"has-text-align-left body-large has-theme-palette-4-color has-text-color has-link-color wp-elements-aceadf414c86ada56a0cbde7f4929488\">Accrochez la bande en silicone avec la grande ouverture dans l&rsquo;un des deux crochets du support.<\/p>\n<\/div>\n<\/div>\n\n\n\n<div class=\"wp-block-columns is-layout-flex wp-container-core-columns-is-layout-9d6595d7 wp-block-columns-is-layout-flex\">\n<div class=\"wp-block-column is-layout-flow wp-block-column-is-layout-flow\">\n<figure class=\"wp-block-image has-custom-border\"><img decoding=\"async\" src=\"https:\/\/safer.bike\/wp-content\/uploads\/2025\/08\/safety-spacer-reflective-snap-band-coiling.webp\" alt=\"The Safety Spacer's high-reflectivity Snap Band is shown in the process of automatically coiling itself, as indicated by the arrows. This Snap Band function allows for compact storage. \" style=\"border-width:1px;border-radius:20px\" title=\"The reflective snap band of the Safety Spacer automatically coils for easy and compact storage.\"\/><\/figure>\n<\/div>\n\n\n\n<div class=\"wp-block-column is-layout-flow wp-block-column-is-layout-flow\">\n<p class=\"body-large has-theme-palette-4-color has-text-color has-link-color wp-elements-90357c48b6eda82103142a7d57fe8b45\">D\u00e9roulez la bande \u00e0 claquer \u00e0 deux mains, en la tenant toujours pour \u00e9viter qu&rsquo;elle ne s&rsquo;enroule pas \u00e0 nouveau.<\/p>\n<\/div>\n<\/div>\n\n\n\n<div class=\"wp-block-columns is-layout-flex wp-container-core-columns-is-layout-9d6595d7 wp-block-columns-is-layout-flex\">\n<div class=\"wp-block-column is-layout-flow wp-block-column-is-layout-flow\">\n<figure class=\"wp-block-image has-custom-border\"><img decoding=\"async\" src=\"https:\/\/safer.bike\/wp-content\/uploads\/2025\/08\/how-to-straighten-safety-spacer-snap-band.webp\" alt=\"An illustration with drawn hands demonstrates how to straighten the Safety Spacer's Snap Band by bending it outwards, preparing it to signal a safe passing distance.\" style=\"border-width:1px;border-radius:20px\" title=\"Instructional diagram showing how to easily straighten the Safety Spacer's snap band before use.\"\/><\/figure>\n<\/div>\n\n\n\n<div class=\"wp-block-column is-layout-flow wp-block-column-is-layout-flow\">\n<p class=\"body-large has-theme-palette-4-color has-text-color has-link-color wp-elements-ccfb7ecc1e584f25bfda75e81314e375\">Tenir les deux extr\u00e9mit\u00e9s entre le doigt et le pouce, \u00e9tirer la bande et surmonter la r\u00e9sistance de la bande en appuyant sur les deux extr\u00e9mit\u00e9s, ce qui provoque un claquement.<br><\/p>\n\n\n\n<figure class=\"wp-block-embed is-type-video is-provider-youtube wp-block-embed-youtube wp-embed-aspect-16-9 wp-has-aspect-ratio\"><div class=\"wp-block-embed__wrapper\">\n<iframe loading=\"lazy\" title=\"How to Reset the safer.bike Snap Band (Stretch &amp; Snap Back) - Safety Spacer Safer.Bike\" width=\"720\" height=\"405\" src=\"https:\/\/www.youtube.com\/embed\/egBy9Xu9SZs?feature=oembed\" frameborder=\"0\" allow=\"accelerometer; autoplay; clipboard-write; encrypted-media; gyroscope; picture-in-picture; web-share\" referrerpolicy=\"strict-origin-when-cross-origin\" allowfullscreen><\/iframe>\n<\/div><\/figure>\n<\/div>\n<\/div>\n\n\n\n<div class=\"wp-block-columns is-layout-flex wp-container-core-columns-is-layout-9d6595d7 wp-block-columns-is-layout-flex\">\n<div class=\"wp-block-column is-layout-flow wp-block-column-is-layout-flow\">\n<figure class=\"wp-block-image has-custom-border\"><img decoding=\"async\" src=\"https:\/\/safer.bike\/wp-content\/uploads\/2025\/08\/safety-spacer-fully-extended-reflective-snap-band.webp\" alt=\"The Safety Spacer's high-reflectivity Snap Band is shown fully extended and straight, ready to be inserted into the mount to create a visual cue for a safe passing distance.\" style=\"border-width:1px;border-radius:20px\" title=\"The Safety Spacer's high-visibility reflective Snap Band shown in its fully extended, straight state.\"\/><\/figure>\n<\/div>\n\n\n\n<div class=\"wp-block-column is-layout-flow wp-block-column-is-layout-flow\">\n<p class=\"body-large has-theme-palette-4-color has-text-color has-link-color wp-elements-b632bd8571324f7601a5ef4d2d822c6d\">Une fois d\u00e9roul\u00e9e, la bande \u00e0 claquer pr\u00e9sente une l\u00e9g\u00e8re courbure de l&rsquo;acier \u00e0 ressort \u00e0 l&rsquo;int\u00e9rieur, ce qui lui apporte sa stabilit\u00e9. Il suffit d&rsquo;appuyer sur cette courbure pour qu&rsquo;elle s&rsquo;enroule \u00e0 nouveau. <\/p>\n<\/div>\n<\/div>\n\n\n\n<div class=\"wp-block-columns is-layout-flex wp-container-core-columns-is-layout-9d6595d7 wp-block-columns-is-layout-flex\">\n<div class=\"wp-block-column is-layout-flow wp-block-column-is-layout-flow\">\n<figure class=\"wp-block-image has-custom-border\"><img decoding=\"async\" src=\"https:\/\/safer.bike\/wp-content\/uploads\/2025\/08\/how-to-assemble-safety-spacer-band-and-mount.webp\" alt=\"The process of assembling the Safety Spacer: the straight, high-reflectivity Snap Band is being slid through the opening in the black handlebar mount.\" style=\"border-width:1px;border-radius:20px\" title=\"Assembling the Safety Spacer: The first step is to slide the Snap Band into the mount.\"\/><\/figure>\n<\/div>\n\n\n\n<div class=\"wp-block-column is-layout-flow wp-block-column-is-layout-flow\">\n<p class=\"body-large has-theme-palette-4-color has-text-color has-link-color wp-elements-02b2447a4ee5753f72a6ccfe9a93393f\">La courbure de la bande \u00e0 claquer d\u00e9roul\u00e9e et la partie sup\u00e9rieure circulaire du support sont adapt\u00e9es l&rsquo;une \u00e0 l&rsquo;autre de mani\u00e8re \u00e0 ce que la bande puisse \u00eatre gliss\u00e9e dans l&rsquo;espace entre les deux anneaux.<\/p>\n<\/div>\n<\/div>\n\n\n\n<div class=\"wp-block-columns is-layout-flex wp-container-core-columns-is-layout-9d6595d7 wp-block-columns-is-layout-flex\">\n<div class=\"wp-block-column is-layout-flow wp-block-column-is-layout-flow\">\n<figure class=\"wp-block-image has-custom-border\"><img decoding=\"async\" src=\"https:\/\/safer.bike\/wp-content\/uploads\/2025\/08\/inserting-safety-spacer-snap-band-through-mount.webp\" alt=\"The process of assembling the Safety Spacer: the straight, high-reflectivity Snap Band is being slid through the opening in the black handlebar mount.\" style=\"border-width:1px;border-radius:20px\" title=\" A close-up view of the reflective snap band being easily inserted through the Safety Spacer's mount.\"\/><\/figure>\n<\/div>\n\n\n\n<div class=\"wp-block-column is-layout-flow wp-block-column-is-layout-flow\">\n<p class=\"body-large has-theme-palette-4-color has-text-color has-link-color wp-elements-55ffcccc3199ad2fe370f98c818e78b9\">Lorsque vous ins\u00e9rez la bande entre les deux anneaux, veillez \u00e0 ce que la courbure corresponde avec l&rsquo;ouverture circulaire de l&rsquo;espace entre les anneaux. Ins\u00e9rez-la jusqu&rsquo;\u00e0 ce qu&rsquo;elle d\u00e9passe d&rsquo;environ 1 cm de l&rsquo;autre c\u00f4t\u00e9 du support. La bande est ainsi suffisamment bien fix\u00e9e dans le support pour ne pas tomber. En cas de contact avec un obstacle, elle glisse simplement ou s&rsquo;enroule.   <\/p>\n\n\n\n<figure class=\"wp-block-embed is-type-video is-provider-youtube wp-block-embed-youtube wp-embed-aspect-16-9 wp-has-aspect-ratio\"><div class=\"wp-block-embed__wrapper\">\n<iframe loading=\"lazy\" title=\"How to Assemble the Snap Band and Holder for safer.bike - Safety Spacer Safer.Bike\" width=\"720\" height=\"405\" src=\"https:\/\/www.youtube.com\/embed\/69TLW1ORmOM?feature=oembed\" frameborder=\"0\" allow=\"accelerometer; autoplay; clipboard-write; encrypted-media; gyroscope; picture-in-picture; web-share\" referrerpolicy=\"strict-origin-when-cross-origin\" allowfullscreen><\/iframe>\n<\/div><\/figure>\n\n\n<style>.wp-block-kadence-advancedheading.kt-adv-heading1642_0e7fc2-58, .wp-block-kadence-advancedheading.kt-adv-heading1642_0e7fc2-58[data-kb-block=\"kb-adv-heading1642_0e7fc2-58\"]{font-style:normal;}.wp-block-kadence-advancedheading.kt-adv-heading1642_0e7fc2-58 mark.kt-highlight, .wp-block-kadence-advancedheading.kt-adv-heading1642_0e7fc2-58[data-kb-block=\"kb-adv-heading1642_0e7fc2-58\"] mark.kt-highlight{font-style:normal;color:#f76a0c;-webkit-box-decoration-break:clone;box-decoration-break:clone;padding-top:0px;padding-right:0px;padding-bottom:0px;padding-left:0px;}.wp-block-kadence-advancedheading.kt-adv-heading1642_0e7fc2-58 img.kb-inline-image, .wp-block-kadence-advancedheading.kt-adv-heading1642_0e7fc2-58[data-kb-block=\"kb-adv-heading1642_0e7fc2-58\"] img.kb-inline-image{width:150px;vertical-align:baseline;}<\/style>\n<p class=\"kt-adv-heading1642_0e7fc2-58 wp-block-kadence-advancedheading\" data-kb-block=\"kb-adv-heading1642_0e7fc2-58\"><br><a href=\"https:\/\/youtu.be\/69TLW1ORmOM\" target=\"_blank\" rel=\"noreferrer noopener\"><em>How to fix Snap Band to holder<\/em><\/a><br><\/p>\n<\/div>\n<\/div>\n\n\n\n<div class=\"wp-block-columns is-layout-flex wp-container-core-columns-is-layout-9d6595d7 wp-block-columns-is-layout-flex\">\n<div class=\"wp-block-column is-layout-flow wp-block-column-is-layout-flow\">\n<figure class=\"wp-block-image has-custom-border\"><img decoding=\"async\" src=\"https:\/\/safer.bike\/wp-content\/uploads\/2025\/08\/safety-spacer-mount-pivoting-function-on-handlebar.webp\" alt=\"The fully assembled Safety Spacer is shown below a handlebar grip. Arrows indicate the mount's ability to pivot, allowing the &quot;Abstandshalter&quot; to be rotated from a stored vertical position to a horizontal one to ensure a safe passing distance. \" style=\"border-width:1px;border-radius:20px\" title=\"The Safety Spacer features a pivoting mount, allowing it to be rotated horizontally for use or vertically for storage.\"\/><\/figure>\n<\/div>\n\n\n\n<div class=\"wp-block-column is-layout-flow wp-block-column-is-layout-flow\">\n<p class=\"body-large has-theme-palette-4-color has-text-color has-link-color wp-elements-a45bfcef1865950e99792d37e975dfa7\">Fixez le support et la bande \u00e0 claquer \u00e0 l&rsquo;aide de l&rsquo;\u00e9lastique \u00e0 un endroit appropri\u00e9 du guidon. Selon la forme du guidon et la position des poign\u00e9es de frein, le support peut \u00eatre orient\u00e9 vers le bas, vers l&rsquo;avant ou vers le haut. La bande \u00e0 claquer peut \u00e9galement \u00eatre d\u00e9plac\u00e9e \u00e0 volont\u00e9 entre les anneaux. Les anneaux peuvent \u00eatre pivot\u00e9s \u00e0 360\u00b0 dans le support et inclin\u00e9s de 30\u00b0 dans toutes les directions. Ainsi, quelle que soit la forme du guidon, la bande \u00e0 claquer d\u00e9roul\u00e9e peut \u00eatre mont\u00e9e \u00e0 un angle optimal de 90\u00b0 par rapport au sens de la marche.    <br><\/p>\n\n\n\n<figure class=\"wp-block-embed is-type-video is-provider-youtube wp-block-embed-youtube wp-embed-aspect-16-9 wp-has-aspect-ratio\" style=\"margin-top:var(--wp--preset--spacing--20);margin-bottom:var(--wp--preset--spacing--20)\"><div class=\"wp-block-embed__wrapper\">\n<iframe loading=\"lazy\" title=\"How to Adjust the Angle of Your safer.bike Safety Spacer (Rotate &amp; Tilt)\" width=\"720\" height=\"405\" src=\"https:\/\/www.youtube.com\/embed\/rmS5HEj0lNI?feature=oembed\" frameborder=\"0\" allow=\"accelerometer; autoplay; clipboard-write; encrypted-media; gyroscope; picture-in-picture; web-share\" referrerpolicy=\"strict-origin-when-cross-origin\" allowfullscreen><\/iframe>\n<\/div><\/figure>\n\n\n\n<figure class=\"wp-block-embed is-type-video is-provider-youtube wp-block-embed-youtube wp-embed-aspect-16-9 wp-has-aspect-ratio\" style=\"margin-top:var(--wp--preset--spacing--20);margin-bottom:var(--wp--preset--spacing--20)\"><div class=\"wp-block-embed__wrapper\">\n<iframe loading=\"lazy\" title=\"How to Operate the safer.bike Spacer (Snap Back &amp; Unroll  ) - Safety Spacer Safer.Bike\" width=\"720\" height=\"405\" src=\"https:\/\/www.youtube.com\/embed\/fM_qha6aPDM?feature=oembed\" frameborder=\"0\" allow=\"accelerometer; autoplay; clipboard-write; encrypted-media; gyroscope; picture-in-picture; web-share\" referrerpolicy=\"strict-origin-when-cross-origin\" allowfullscreen><\/iframe>\n<\/div><\/figure>\n\n\n\n<figure class=\"wp-block-embed is-type-video is-provider-youtube wp-block-embed-youtube wp-embed-aspect-16-9 wp-has-aspect-ratio\" style=\"margin-top:var(--wp--preset--spacing--20);margin-bottom:var(--wp--preset--spacing--20)\"><div class=\"wp-block-embed__wrapper\">\n<iframe loading=\"lazy\" title=\"How to Retract &amp; Deploy the safer.bike Spacer (Handlebar Mount) - Safety Spacer Safer.Bike\" width=\"720\" height=\"405\" src=\"https:\/\/www.youtube.com\/embed\/tQCVKA2kxhU?feature=oembed\" frameborder=\"0\" allow=\"accelerometer; autoplay; clipboard-write; encrypted-media; gyroscope; picture-in-picture; web-share\" referrerpolicy=\"strict-origin-when-cross-origin\" allowfullscreen><\/iframe>\n<\/div><\/figure>\n\n\n\n<figure class=\"wp-block-embed is-type-video is-provider-youtube wp-block-embed-youtube wp-embed-aspect-16-9 wp-has-aspect-ratio\" style=\"margin-top:var(--wp--preset--spacing--20);margin-bottom:var(--wp--preset--spacing--20)\"><div class=\"wp-block-embed__wrapper\">\n<iframe loading=\"lazy\" title=\"How to Adjust the Angle of Your safer.bike Safety Spacer (Rotate &amp; Tilt)\" width=\"720\" height=\"405\" src=\"https:\/\/www.youtube.com\/embed\/rmS5HEj0lNI?feature=oembed\" frameborder=\"0\" allow=\"accelerometer; autoplay; clipboard-write; encrypted-media; gyroscope; picture-in-picture; web-share\" referrerpolicy=\"strict-origin-when-cross-origin\" allowfullscreen><\/iframe>\n<\/div><\/figure>\n<\/div>\n<\/div>\n\n\n\n<div class=\"wp-block-columns is-layout-flex wp-container-core-columns-is-layout-9d6595d7 wp-block-columns-is-layout-flex\">\n<div class=\"wp-block-column is-vertically-aligned-top is-layout-flow wp-block-column-is-layout-flow\"><\/div>\n\n\n\n<div class=\"wp-block-column is-vertically-aligned-top is-layout-flow wp-block-column-is-layout-flow\"><\/div>\n<\/div>\n\n\n<style>.wp-block-kadence-advancedbtn.kb-btns1642_5354ee-0c{gap:var(--global-kb-gap-xs, 0.5rem );justify-content:center;align-items:center;}.kt-btns1642_5354ee-0c .kt-button{font-weight:normal;font-style:normal;}.kt-btns1642_5354ee-0c .kt-btn-wrap-0{margin-right:5px;}.wp-block-kadence-advancedbtn.kt-btns1642_5354ee-0c .kt-btn-wrap-0 .kt-button{color:#555555;border-color:#555555;}.wp-block-kadence-advancedbtn.kt-btns1642_5354ee-0c .kt-btn-wrap-0 .kt-button:hover, .wp-block-kadence-advancedbtn.kt-btns1642_5354ee-0c .kt-btn-wrap-0 .kt-button:focus{color:#ffffff;border-color:#444444;}.wp-block-kadence-advancedbtn.kt-btns1642_5354ee-0c .kt-btn-wrap-0 .kt-button::before{display:none;}.wp-block-kadence-advancedbtn.kt-btns1642_5354ee-0c .kt-btn-wrap-0 .kt-button:hover, .wp-block-kadence-advancedbtn.kt-btns1642_5354ee-0c .kt-btn-wrap-0 .kt-button:focus{background:#444444;}<\/style>\n<div class=\"wp-block-kadence-advancedbtn kb-buttons-wrap kb-btns1642_5354ee-0c\"><style>ul.menu .wp-block-kadence-advancedbtn .kb-btn1642_5465f0-26.kb-button{width:initial;}.wp-block-kadence-advancedbtn .kb-btn1642_5465f0-26.kb-button{background:#d62727;border-top-left-radius:20px;border-top-right-radius:20px;border-bottom-right-radius:20px;border-bottom-left-radius:20px;}.wp-block-kadence-advancedbtn .kb-btn1642_5465f0-26.kb-button:hover, .wp-block-kadence-advancedbtn .kb-btn1642_5465f0-26.kb-button:focus{color:var(--global-palette7, #EDF2F7);background:#177c91;border-top-left-radius:20px;border-top-right-radius:20px;border-bottom-right-radius:20px;border-bottom-left-radius:20px;}<\/style><a class=\"kb-button kt-button button kb-btn1642_5465f0-26 kt-btn-size-standard kt-btn-width-type-auto kb-btn-global-fill  kt-btn-has-text-true kt-btn-has-svg-false  wp-block-kadence-singlebtn\" href=\"https:\/\/safer.bike\/fr\/shop\/safety-spacer-snap-band-ecarteur-flexible-pour-velos\/\"><span class=\"kt-btn-inner-text\">Voir l\u2018article<\/span><\/a>\n\n<style>ul.menu .wp-block-kadence-advancedbtn .kb-btn1642_ed775d-b6.kb-button{width:initial;}.wp-block-kadence-advancedbtn .kb-btn1642_ed775d-b6.kb-button{border-top-left-radius:20px;border-top-right-radius:20px;border-bottom-right-radius:20px;border-bottom-left-radius:20px;}.wp-block-kadence-advancedbtn .kb-btn1642_ed775d-b6.kb-button:hover, .wp-block-kadence-advancedbtn .kb-btn1642_ed775d-b6.kb-button:focus{color:var(--global-palette7, #EDF2F7);background:#177c91;border-top-left-radius:20px;border-top-right-radius:20px;border-bottom-right-radius:20px;border-bottom-left-radius:20px;}<\/style><a class=\"kb-button kt-button button kb-btn1642_ed775d-b6 kt-btn-size-standard kt-btn-width-type-auto kb-btn-global-fill  kt-btn-has-text-true kt-btn-has-svg-false  wp-block-kadence-singlebtn\" href=\"https:\/\/safer.bike\/fr\/sadapte-a-tous-les-guidons\/\"><span class=\"kt-btn-inner-text\">S\u2018adapte \u00e0 tous les guidons<\/span><\/a><\/div>\n","protected":false},"excerpt":{"rendered":"<p>Instructions de montages pour votre Safety Spacer Snap Band Le kit comprend 3 \u00e9l\u00e9ments : Accrochez la bande en silicone avec la grande ouverture dans l&rsquo;un des deux crochets du support. D\u00e9roulez la bande \u00e0 claquer \u00e0 deux mains, en la tenant toujours pour \u00e9viter qu&rsquo;elle ne s&rsquo;enroule pas \u00e0 nouveau. Tenir les deux extr\u00e9mit\u00e9s&#8230;<\/p>\n","protected":false},"author":1,"featured_media":0,"parent":0,"menu_order":0,"comment_status":"closed","ping_status":"closed","template":"","meta":{"_kadence_starter_templates_imported_post":false,"_kad_post_transparent":"","_kad_post_title":"","_kad_post_layout":"","_kad_post_sidebar_id":"","_kad_post_content_style":"","_kad_post_vertical_padding":"","_kad_post_feature":"","_kad_post_feature_position":"","_kad_post_header":false,"_kad_post_footer":false,"_kad_post_classname":"","footnotes":""},"class_list":["post-1642","page","type-page","status-publish","hentry"],"_links":{"self":[{"href":"https:\/\/safer.bike\/fr\/wp-json\/wp\/v2\/pages\/1642","targetHints":{"allow":["GET"]}}],"collection":[{"href":"https:\/\/safer.bike\/fr\/wp-json\/wp\/v2\/pages"}],"about":[{"href":"https:\/\/safer.bike\/fr\/wp-json\/wp\/v2\/types\/page"}],"author":[{"embeddable":true,"href":"https:\/\/safer.bike\/fr\/wp-json\/wp\/v2\/users\/1"}],"replies":[{"embeddable":true,"href":"https:\/\/safer.bike\/fr\/wp-json\/wp\/v2\/comments?post=1642"}],"version-history":[{"count":3,"href":"https:\/\/safer.bike\/fr\/wp-json\/wp\/v2\/pages\/1642\/revisions"}],"predecessor-version":[{"id":1758,"href":"https:\/\/safer.bike\/fr\/wp-json\/wp\/v2\/pages\/1642\/revisions\/1758"}],"wp:attachment":[{"href":"https:\/\/safer.bike\/fr\/wp-json\/wp\/v2\/media?parent=1642"}],"curies":[{"name":"wp","href":"https:\/\/api.w.org\/{rel}","templated":true}]}}