{"id":1673,"date":"2025-08-20T09:29:56","date_gmt":"2025-08-20T09:29:56","guid":{"rendered":"https:\/\/safer.bike\/?page_id=1673"},"modified":"2026-04-08T04:46:38","modified_gmt":"2026-04-08T04:46:38","slug":"conditions-generales","status":"publish","type":"page","link":"https:\/\/safer.bike\/fr\/conditions-generales\/","title":{"rendered":"Conditions g\u00e9n\u00e9rales"},"content":{"rendered":"<style>.wp-block-kadence-advancedheading.kt-adv-heading87_4108b7-3a_0, .wp-block-kadence-advancedheading.kt-adv-heading87_4108b7-3a_0[data-kb-block=\"kb-adv-heading87_4108b7-3a_0\"]{font-style:normal;}.wp-block-kadence-advancedheading.kt-adv-heading87_4108b7-3a_0 mark.kt-highlight, .wp-block-kadence-advancedheading.kt-adv-heading87_4108b7-3a_0[data-kb-block=\"kb-adv-heading87_4108b7-3a_0\"] mark.kt-highlight{font-style:normal;color:#f76a0c;-webkit-box-decoration-break:clone;box-decoration-break:clone;padding-top:0px;padding-right:0px;padding-bottom:0px;padding-left:0px;}.wp-block-kadence-advancedheading.kt-adv-heading87_4108b7-3a_0 img.kb-inline-image, .wp-block-kadence-advancedheading.kt-adv-heading87_4108b7-3a_0[data-kb-block=\"kb-adv-heading87_4108b7-3a_0\"] img.kb-inline-image{width:150px;vertical-align:baseline;}<\/style>\n<p class=\"kt-adv-heading87_4108b7-3a_0 wp-block-kadence-advancedheading\" data-kb-block=\"kb-adv-heading87_4108b7-3a_0\">Conditions d&rsquo;utilisation<\/p>\n\n\n\n<p class=\"has--font-size\">PR\u00c9SENTATION<br>Ce site web est exploit\u00e9 par Safer Bike, une filiale de The Taste Jewelry Ltd, Hongkong. Sur l&rsquo;ensemble du site, les termes \u00ab nous \u00bb, \u00ab notre \u00bb et \u00ab nos \u00bb font r\u00e9f\u00e9rence \u00e0 Safer Bike. Safer Bike. met ce site web \u00e0 votre disposition, y compris toutes les informations, tous les outils et tous les services disponibles sur ce site, \u00e0 condition que vous acceptiez l&rsquo;ensemble des conditions g\u00e9n\u00e9rales, politiques et avis \u00e9nonc\u00e9s ici.<br>En visitant notre site Web et\/ou en achetant nos produits, vous utilisez nos services et acceptez les conditions g\u00e9n\u00e9rales suivantes. Ces conditions d&rsquo;utilisation s&rsquo;appliquent \u00e0 tous les utilisateurs du site Web.<br>En acc\u00e9dant \u00e0 ou en utilisant toute partie du site Web, vous acceptez les pr\u00e9sentes conditions d&rsquo;utilisation. Si vous n&rsquo;acceptez pas toutes les conditions g\u00e9n\u00e9rales du pr\u00e9sent accord, vous ne pouvez pas acc\u00e9der au site Web.<br>Toute nouvelle fonctionnalit\u00e9 ou tout nouvel outil ajout\u00e9 \u00e0 la boutique actuelle est \u00e9galement soumis aux conditions d&rsquo;utilisation. Vous pouvez consulter la version la plus r\u00e9cente des conditions d&rsquo;utilisation \u00e0 tout moment sur cette page. Nous nous r\u00e9servons le droit de mettre \u00e0 jour, de modifier ou de remplacer toute partie des pr\u00e9sentes conditions d&rsquo;utilisation en publiant des mises \u00e0 jour et\/ou des modifications sur notre site web. Il est de votre responsabilit\u00e9 de consulter r\u00e9guli\u00e8rement cette page pour prendre connaissance des modifications. Votre utilisation continue ou votre acc\u00e8s au site web apr\u00e8s la publication de toute modification constitue une acceptation de ces modifications. <br>SECTION 1 &#8211; CONDITIONS G\u00c9N\u00c9RALES DE LA BOUTIQUE EN LIGNE<br>En acceptant les pr\u00e9sentes conditions d&rsquo;utilisation, vous d\u00e9clarez avoir atteint l&rsquo;\u00e2ge de la majorit\u00e9 dans votre \u00c9tat de r\u00e9sidence, ou avoir atteint l&rsquo;\u00e2ge de la majorit\u00e9 dans votre \u00c9tat de r\u00e9sidence et avoir autoris\u00e9 vos enfants mineurs \u00e0 utiliser ce site web.<br>Vous ne pouvez pas utiliser nos produits \u00e0 des fins ill\u00e9gales ou non autoris\u00e9es, ni les utiliser s&rsquo;ils enfreignent les lois de votre pays (y compris, mais sans s&rsquo;y limiter, les lois sur les droits d&rsquo;auteur).<br>SECTION 2 &#8211; CONDITIONS G\u00c9N\u00c9RALES<br>Nous nous r\u00e9servons le droit de refuser le Service \u00e0 quiconque, pour quelque raison que ce soit et \u00e0 tout moment.<br>Vous comprenez que votre contenu (\u00e0 l&rsquo;exception des informations relatives \u00e0 votre carte de cr\u00e9dit) peut \u00eatre transf\u00e9r\u00e9 sans \u00eatre crypt\u00e9 et impliquer (a) des transmissions sur divers r\u00e9seaux ; et (b) des modifications afin de se conformer et de s&rsquo;adapter aux exigences techniques des r\u00e9seaux ou des appareils connect\u00e9s. Les informations relatives \u00e0 votre carte de cr\u00e9dit sont toujours crypt\u00e9es lors de leur transfert sur les r\u00e9seaux.<br>Vous acceptez de ne pas reproduire, dupliquer, copier, vendre, revendre ou exploiter toute partie du Service, l&rsquo;utilisation du Service ou l&rsquo;acc\u00e8s au Service ou tout contact sur le site web par le biais duquel le Service est fourni, sans notre autorisation \u00e9crite expresse.<br>Les titres utilis\u00e9s dans le pr\u00e9sent accord sont inclus uniquement pour des raisons de commodit\u00e9 et ne limitent ni n&rsquo;affectent en aucune fa\u00e7on les pr\u00e9sentes Conditions.<br>SECTION 3 &#8211; EXACTITUDE, EXHAUSTIVIT\u00c9 ET ACTUALIT\u00c9 DES INFORMATIONS<br>Nous ne sommes pas responsables si les informations mises \u00e0 disposition sur ce site ne sont pas exactes, compl\u00e8tes ou \u00e0 jour. Le contenu de ce site est fourni \u00e0 titre d&rsquo;information g\u00e9n\u00e9rale uniquement et ne doit pas \u00eatre utilis\u00e9 comme seule base pour prendre des d\u00e9cisions sans consulter des sources d&rsquo;informations primaires, plus pr\u00e9cises, plus compl\u00e8tes ou plus r\u00e9centes. Toute confiance accord\u00e9e au contenu de ce site est \u00e0 vos propres risques.<br>Nous nous r\u00e9servons le droit de modifier le contenu de ce site web \u00e0 tout moment, mais nous ne sommes pas tenus de mettre \u00e0 jour les informations qui y figurent. Vous acceptez qu&rsquo;il est de votre responsabilit\u00e9 de surveiller les modifications apport\u00e9es \u00e0 notre site web.<br><br>SECTION 4 &#8211; MODIFICATIONS DU SERVICE ET DES PRIX<br>Les prix de nos produits sont susceptibles d&rsquo;\u00eatre modifi\u00e9s sans pr\u00e9avis.<br>Nous nous r\u00e9servons le droit de modifier ou d&rsquo;interrompre le Service (ou toute partie ou tout contenu de celui-ci) \u00e0 tout moment et sans pr\u00e9avis.<br>SECTION 5 &#8211; PRODUITS<br>Certains produits peuvent \u00eatre disponibles exclusivement en ligne sur le site web. Ces produits peuvent \u00eatre disponibles en quantit\u00e9s limit\u00e9es.<br>Nous avons fait tous les efforts possibles pour afficher aussi fid\u00e8lement que possible les couleurs et les images de nos produits qui apparaissent dans la boutique. Nous ne pouvons garantir que l&rsquo;affichage des couleurs sur votre \u00e9cran d&rsquo;ordinateur sera fid\u00e8le \u00e0 la r\u00e9alit\u00e9.<br>Nous nous r\u00e9servons le droit, sans y \u00eatre oblig\u00e9s, de limiter les ventes de nos produits \u00e0 toute personne, r\u00e9gion g\u00e9ographique ou juridiction. Nous pouvons exercer ce droit au cas par cas. Nous nous r\u00e9servons le droit de limiter les quantit\u00e9s de tout produit que nous proposons. Toutes les descriptions de produits ou les prix des produits sont susceptibles d&rsquo;\u00eatre modifi\u00e9s \u00e0 tout moment sans pr\u00e9avis, \u00e0 notre seule discr\u00e9tion. Nous nous r\u00e9servons le droit d&rsquo;interrompre la vente de tout produit \u00e0 tout moment.<br><br>SECTION 6 &#8211; EXACTITUDE DES INFORMATIONS DE FACTURATION ET DE COMPTE<br>Nous nous r\u00e9servons le droit de refuser toute commande que vous passez aupr\u00e8s de nous. Nous pouvons, \u00e0 notre seule discr\u00e9tion, limiter ou annuler les quantit\u00e9s achet\u00e9es par personne, par foyer ou par commande. Ces restrictions peuvent inclure les commandes pass\u00e9es par ou sous le m\u00eame compte client, la m\u00eame carte de cr\u00e9dit et\/ou les commandes qui utilisent la m\u00eame adresse de facturation et\/ou de livraison. Si nous modifions ou annulons une commande, nous pouvons tenter de vous en informer en vous contactant \u00e0 l&rsquo;adresse e-mail et\/ou \u00e0 l&rsquo;adresse de facturation\/au num\u00e9ro de t\u00e9l\u00e9phone fournis au moment de la commande. Nous nous r\u00e9servons le droit de limiter ou d&rsquo;interdire les commandes qui, \u00e0 notre seule discr\u00e9tion, semblent avoir \u00e9t\u00e9 pass\u00e9es par des revendeurs, des distributeurs ou des grossistes.<br>Vous acceptez de fournir des informations d&rsquo;achat et de compte \u00e0 jour, compl\u00e8tes et exactes pour tous les achats effectu\u00e9s dans notre boutique. Vous acceptez de mettre \u00e0 jour rapidement votre compte et les autres informations, y compris votre adresse e-mail, vos num\u00e9ros de carte de cr\u00e9dit et leurs dates d&rsquo;expiration, afin que nous puissions effectuer vos transactions et vous contacter si n\u00e9cessaire.<br>SECTION 7 &#8211; OUTILS FACULTATIFS<br>Nous pouvons vous donner acc\u00e8s \u00e0 des outils tiers sur lesquels nous n&rsquo;exer\u00e7ons aucun contr\u00f4le, aucune surveillance et aucune influence.<br>Vous reconnaissez et acceptez que nous fournissons l&rsquo;acc\u00e8s \u00e0 ces outils \u00ab tels quels \u00bb et \u00ab tels que disponibles \u00bb, sans aucune garantie, d\u00e9claration ou condition d&rsquo;aucune sorte et sans aucune recommandation. Nous d\u00e9clinons toute responsabilit\u00e9 d\u00e9coulant de ou li\u00e9e \u00e0 votre utilisation d&rsquo;outils tiers facultatifs.<br>Toute utilisation par vous des outils facultatifs propos\u00e9s sur le site est enti\u00e8rement \u00e0 vos propres risques et \u00e0 votre discr\u00e9tion, et vous devez vous assurer que vous connaissez et approuvez les conditions d&rsquo;utilisation des outils fournis par le(s) fournisseur(s) tiers concern\u00e9(s).<br>Nous pouvons \u00e9galement, \u00e0 l&rsquo;avenir, proposer de nouveaux services et\/ou fonctionnalit\u00e9s sur le site web (y compris la mise \u00e0 disposition de nouveaux outils et ressources). Ces nouvelles fonctionnalit\u00e9s et\/ou services seront \u00e9galement soumis aux pr\u00e9sentes conditions d&rsquo;utilisation.<br>SECTION 8 &#8211; LIENS VERS DES SITES TIERS<br>Certains contenus, produits et services disponibles via notre Service peuvent inclure des \u00e9l\u00e9ments provenant de tiers.<br>Les liens vers des sites tiers pr\u00e9sents sur ce site peuvent vous rediriger vers des sites web tiers qui ne sont pas affili\u00e9s \u00e0 nous. Nous ne sommes pas responsables de l&rsquo;examen ou de l&rsquo;\u00e9valuation du contenu ou de l&rsquo;exactitude de ces sites et nous ne garantissons pas et n&rsquo;assumons aucune responsabilit\u00e9 quant aux \u00e9l\u00e9ments ou sites web tiers, ou \u00e0 tout autre \u00e9l\u00e9ment, produit ou service tiers.<br>Nous ne sommes pas responsables des dommages ou pr\u00e9judices li\u00e9s \u00e0 l&rsquo;achat ou \u00e0 l&rsquo;utilisation de biens, de ressources, de contenus ou de toute autre transaction effectu\u00e9e en relation avec des sites web tiers. Veuillez examiner attentivement les politiques et pratiques des tiers et vous assurer de les comprendre avant de vous engager dans une transaction. Les plaintes, r\u00e9clamations, pr\u00e9occupations ou questions concernant les produits tiers doivent \u00eatre adress\u00e9es au tiers concern\u00e9.<br>SECTION 9 &#8211; COMMENTAIRES, RETOURS D&rsquo;INFORMATION ET AUTRES SOUMISSIONS DES UTILISATEURS<br>Si, \u00e0 notre demande, vous envoyez certaines soumissions sp\u00e9cifiques (par exemple, des participations \u00e0 un concours) ou, sans que nous vous l&rsquo;ayons demand\u00e9, vous envoyez des id\u00e9es cr\u00e9atives, des suggestions, des propositions, des plans ou d&rsquo;autres documents, que ce soit en ligne, par courrier \u00e9lectronique, par courrier postal ou par tout autre moyen (collectivement, les \u00ab commentaires \u00bb), vous acceptez que nous puissions, \u00e0 tout moment et sans restriction, modifier, copier, publier, distribuer, traduire et utiliser de toute autre mani\u00e8re, sur tout support, les commentaires que vous nous transmettez. Nous n&rsquo;avons et n&rsquo;aurons aucune obligation (1) de pr\u00e9server la confidentialit\u00e9 des commentaires ; (2) de verser une compensation pour les commentaires ; ou (3) de r\u00e9pondre aux commentaires.<br>Nous pouvons, sans y \u00eatre oblig\u00e9s, surveiller, modifier ou supprimer tout contenu que nous jugeons, \u00e0 notre seule discr\u00e9tion, ill\u00e9gal, offensant, mena\u00e7ant, diffamatoire, pornographique, obsc\u00e8ne ou autrement r\u00e9pr\u00e9hensible, ou qui viole la propri\u00e9t\u00e9 intellectuelle d&rsquo;une partie ou les pr\u00e9sentes conditions d&rsquo;utilisation.<br><br>Vous acceptez que vos commentaires ne violent aucun droit d&rsquo;un tiers, y compris les droits d&rsquo;auteur, les marques commerciales, la vie priv\u00e9e, la personnalit\u00e9 ou tout autre droit personnel ou de propri\u00e9t\u00e9. Vous acceptez en outre que vos commentaires ne contiennent pas de propos diffamatoires ou autrement ill\u00e9gaux, abusifs ou obsc\u00e8nes, ni de virus informatiques ou autres logiciels malveillants susceptibles d&rsquo;affecter de quelque mani\u00e8re que ce soit le fonctionnement du Service ou de tout site web associ\u00e9. Vous ne devez pas utiliser une fausse adresse e-mail, vous faire passer pour une autre personne ou nous induire en erreur, nous ou des tiers, quant \u00e0 l&rsquo;origine de vos commentaires. Vous \u00eates seul responsable des commentaires que vous publiez et de leur exactitude. Nous d\u00e9clinons toute responsabilit\u00e9 quant aux commentaires publi\u00e9s par vous ou par des tiers.<br>SECTION 10 &#8211; INFORMATIONS PERSONNELLES<br>La soumission d&rsquo;informations personnelles via la boutique est r\u00e9gie par notre politique de confidentialit\u00e9, qui peut \u00eatre consult\u00e9e ici : https:\/\/www.safer.bike\/privacy-policy<br>SECTION 11 &#8211; ERREURS, INEXACTITUDES ET OMISSIONS<br>Il peut arriver que certaines informations figurant sur notre site ou dans le Service contiennent des erreurs typographiques, des inexactitudes ou des omissions concernant les descriptions de produits, les prix, les promotions, les offres, les frais d&rsquo;exp\u00e9dition des produits, les d\u00e9lais de livraison et la disponibilit\u00e9. Nous nous r\u00e9servons le droit de corriger toute erreur, inexactitude ou omission, et de modifier ou mettre \u00e0 jour les informations ou d&rsquo;annuler des commandes si des informations contenues dans le Service ou sur tout site web connexe sont inexactes, \u00e0 tout moment et sans pr\u00e9avis (y compris apr\u00e8s que vous ayez pass\u00e9 votre commande). <br>Nous ne nous engageons aucunement \u00e0 mettre \u00e0 jour, modifier ou clarifier les informations contenues dans le Service ou sur tout site Web connexe, y compris, sans s&rsquo;y limiter, les informations tarifaires, sauf si la loi l&rsquo;exige. Aucune date de mise \u00e0 jour ou d&rsquo;actualisation sp\u00e9cifi\u00e9e dans le Service ou sur tout site Web connexe ne doit \u00eatre interpr\u00e9t\u00e9e comme indiquant que toutes les informations contenues dans le Service ou sur tout site Web connexe ont \u00e9t\u00e9 modifi\u00e9es ou mises \u00e0 jour.<br>SECTION 12 &#8211; UTILISATIONS INTERDITES<br>Outre les autres interdictions \u00e9nonc\u00e9es dans les Conditions d&rsquo;utilisation, il vous est interdit d&rsquo;utiliser le site ou son contenu : (a) \u00e0 des fins ill\u00e9gales ; (b) pour inciter d&rsquo;autres personnes \u00e0 commettre ou \u00e0 participer \u00e0 des actes ill\u00e9gaux ; (c) pour enfreindre toute r\u00e9glementation, r\u00e8gle, loi ou ordonnance locale, internationale, f\u00e9d\u00e9rale, provinciale ou \u00e9tatique ; (d) pour enfreindre ou violer nos droits de propri\u00e9t\u00e9 intellectuelle ou ceux d&rsquo;autrui ; (e) pour harceler, abuser, insulter, nuire, diffamer, calomnier, d\u00e9nigrer, intimider ou discriminer sur la base du sexe, de l&rsquo;orientation sexuelle, de la religion, de l&rsquo;origine ethnique, de la race, de l&rsquo;\u00e2ge, de la nationalit\u00e9 ou du handicap ; (f) soumettre des informations fausses ou trompeuses ; (g) t\u00e9l\u00e9charger ou transmettre des virus ou tout autre type de code malveillant qui sera ou pourrait \u00eatre utilis\u00e9 de quelque mani\u00e8re que ce soit affectant le fonctionnement ou l&rsquo;exploitation du Service ou de tout site web connexe, d&rsquo;autres sites web ou d&rsquo;Internet ; (h) collecter ou suivre les informations personnelles d&rsquo;autrui ; (i) envoyer des spams, hame\u00e7onner, pharmer, pr\u00e9texter, spider, crawler ou scraper ; (j) \u00e0 des fins obsc\u00e8nes ou immorales ; ou (k) pour interf\u00e9rer avec ou contourner les dispositifs de s\u00e9curit\u00e9 du Service ou de tout site web associ\u00e9, d&rsquo;autres sites web ou d&rsquo;Internet. Nous nous r\u00e9servons le droit de mettre fin \u00e0 votre utilisation du Service ou de tout site web associ\u00e9 en cas de violation de l&rsquo;une des utilisations interdites.<br><br>SECTION 13 &#8211; EXCLUSION DE GARANTIES ; LIMITATION DE RESPONSABILIT\u00c9<br>Nous ne garantissons pas, ne d\u00e9clarons pas et n&rsquo;assurons pas que votre utilisation de notre Service sera ininterrompue, opportune, s\u00e9curis\u00e9e ou sans erreur.<br>Nous ne garantissons pas que les r\u00e9sultats pouvant \u00eatre obtenus gr\u00e2ce \u00e0 l&rsquo;utilisation du Service seront exacts ou fiables. <br>En aucun cas, nos administrateurs, dirigeants, employ\u00e9s, affili\u00e9s, agents, sous-traitants, stagiaires, fournisseurs, prestataires de services ou conc\u00e9dants de licence ne peuvent \u00eatre tenus responsables de tout pr\u00e9judice, perte, r\u00e9clamation ou dommage direct, indirect, accessoire, punitif, sp\u00e9cial ou cons\u00e9cutif de quelque nature que ce soit, y compris, sans limitation, les pertes de profits, de revenus, d&rsquo;\u00e9conomies, de donn\u00e9es, les co\u00fbts de remplacement ou tout autre dommage similaire, qu&rsquo;il soit fond\u00e9 sur un contrat, un d\u00e9lit civil (y compris la n\u00e9gligence), responsabilit\u00e9 stricte ou autre, d\u00e9coulant de votre utilisation de l&rsquo;un des Services ou de tout produit achet\u00e9 \u00e0 l&rsquo;aide du Service, ou pour toute autre r\u00e9clamation li\u00e9e de quelque mani\u00e8re que ce soit \u00e0 votre utilisation du Service ou de tout produit, y compris, mais sans s&rsquo;y limiter, toute erreur ou omission dans tout contenu, ou toute perte ou tout dommage de quelque nature que ce soit r\u00e9sultant de l&rsquo;utilisation du Service ou de tout contenu (ou produit) publi\u00e9, transmis ou autrement mis \u00e0 disposition via le Service, m\u00eame si vous avez \u00e9t\u00e9 inform\u00e9 de leur possibilit\u00e9. \u00c9tant donn\u00e9 que certains \u00c9tats ou juridictions n&rsquo;autorisent pas l&rsquo;exclusion ou la limitation de responsabilit\u00e9 pour les dommages cons\u00e9cutifs ou accessoires, dans ces \u00c9tats ou juridictions, notre responsabilit\u00e9 sera limit\u00e9e dans la mesure maximale permise par la loi. <br>SECTION 14 &#8211; INDEMNISATION<br>Vous acceptez de nous indemniser, de nous d\u00e9fendre et de nous d\u00e9gager de toute responsabilit\u00e9 en cas de r\u00e9clamation ou de demande, y compris les honoraires raisonnables d&rsquo;avocat, formul\u00e9e par un tiers en raison de ou d\u00e9coulant de votre violation des pr\u00e9sentes Conditions d&rsquo;utilisation ou des documents qu&rsquo;elles incorporent par r\u00e9f\u00e9rence, ou de votre violation de toute loi ou des droits d&rsquo;un tiers.<br>SECTION 15 &#8211; DIVISIBILIT\u00c9<br>Si une disposition des pr\u00e9sentes Conditions d&rsquo;utilisation est jug\u00e9e ill\u00e9gale, nulle ou inapplicable, cette disposition sera n\u00e9anmoins applicable dans toute la mesure permise par la loi applicable, et la partie inapplicable sera consid\u00e9r\u00e9e comme dissoci\u00e9e des pr\u00e9sentes Conditions d&rsquo;utilisation. Cette d\u00e9cision n&rsquo;affectera pas la validit\u00e9 et l&rsquo;applicabilit\u00e9 des autres dispositions.<br>SECTION 16 &#8211; R\u00c9SILIATION<br>Les pr\u00e9sentes Conditions d&rsquo;utilisation restent en vigueur jusqu&rsquo;\u00e0 leur r\u00e9siliation par vous ou par nous.<br>SECTION 17 &#8211; INT\u00c9GRALIT\u00c9 DE L&rsquo;ACCORD<br>Le fait que nous n&rsquo;exercions pas ou ne fassions pas valoir un droit ou une disposition des pr\u00e9sentes Conditions d&rsquo;utilisation ne constitue pas une renonciation \u00e0 ce droit ou \u00e0 cette disposition.<br>Les pr\u00e9sentes Conditions d&rsquo;utilisation et toutes les politiques ou r\u00e8gles d&rsquo;exploitation publi\u00e9es par nous sur ce site ou concernant le Service constituent l&rsquo;int\u00e9gralit\u00e9 de l&rsquo;accord et de l&rsquo;entente entre vous et nous et r\u00e9gissent votre utilisation du Service, rempla\u00e7ant tout accord, communication et proposition ant\u00e9rieurs ou contemporains, qu&rsquo;ils soient oraux ou \u00e9crits, entre vous et nous (y compris, mais sans s&rsquo;y limiter, toute version ant\u00e9rieure des Conditions d&rsquo;utilisation).<br>Toute ambigu\u00eft\u00e9 dans l&rsquo;interpr\u00e9tation des pr\u00e9sentes Conditions d&rsquo;utilisation ne saurait \u00eatre interpr\u00e9t\u00e9e \u00e0 l&rsquo;encontre de la partie qui les a r\u00e9dig\u00e9es.<br>SECTION 18 &#8211; LOI APPLICABLE<br>Les pr\u00e9sentes Conditions d&rsquo;utilisation et tout accord distinct en vertu duquel nous vous fournissons des Services sont r\u00e9gis et interpr\u00e9t\u00e9s conform\u00e9ment aux lois de Hong Kong.<br>SECTION 19 &#8211; MODIFICATIONS DES CONDITIONS D&rsquo;UTILISATION<br>Vous pouvez consulter la version la plus r\u00e9cente des Conditions d&rsquo;utilisation \u00e0 tout moment sur cette page.<br>Nous nous r\u00e9servons le droit, \u00e0 notre seule discr\u00e9tion, de mettre \u00e0 jour, modifier ou remplacer toute partie des pr\u00e9sentes Conditions d&rsquo;utilisation en publiant les mises \u00e0 jour et les modifications sur notre site Web. Il vous incombe de consulter r\u00e9guli\u00e8rement notre site Web pour prendre connaissance des modifications. Votre utilisation continue ou votre acc\u00e8s \u00e0 notre site Web ou au Service apr\u00e8s la publication de toute modification des pr\u00e9sentes Conditions d&rsquo;utilisation vaut acceptation de ces modifications.<br>SECTION 20 &#8211; COORDONN\u00c9ES<br>Les questions concernant les Conditions d&rsquo;utilisation doivent nous \u00eatre envoy\u00e9es \u00e0 l&rsquo;adresse sales@safer.bike.<\/p>\n\n\n<style>.wp-block-kadence-advancedheading.kt-adv-heading1673_865cc7-80, .wp-block-kadence-advancedheading.kt-adv-heading1673_865cc7-80[data-kb-block=\"kb-adv-heading1673_865cc7-80\"]{font-style:normal;}.wp-block-kadence-advancedheading.kt-adv-heading1673_865cc7-80 mark.kt-highlight, .wp-block-kadence-advancedheading.kt-adv-heading1673_865cc7-80[data-kb-block=\"kb-adv-heading1673_865cc7-80\"] mark.kt-highlight{font-style:normal;color:#f76a0c;-webkit-box-decoration-break:clone;box-decoration-break:clone;padding-top:0px;padding-right:0px;padding-bottom:0px;padding-left:0px;}.wp-block-kadence-advancedheading.kt-adv-heading1673_865cc7-80 img.kb-inline-image, .wp-block-kadence-advancedheading.kt-adv-heading1673_865cc7-80[data-kb-block=\"kb-adv-heading1673_865cc7-80\"] img.kb-inline-image{width:150px;vertical-align:baseline;}<\/style>\n<p class=\"kt-adv-heading1673_865cc7-80 wp-block-kadence-advancedheading\" data-kb-block=\"kb-adv-heading1673_865cc7-80\"><\/p>\n","protected":false},"excerpt":{"rendered":"<p>Conditions d&rsquo;utilisation PR\u00c9SENTATIONCe site web est exploit\u00e9 par Safer Bike, une filiale de The Taste Jewelry Ltd, Hongkong. Sur l&rsquo;ensemble du site, les termes \u00ab nous \u00bb, \u00ab notre \u00bb et \u00ab nos \u00bb font r\u00e9f\u00e9rence \u00e0 Safer Bike. Safer Bike. met ce site web \u00e0 votre disposition, y compris toutes les informations, tous les&#8230;<\/p>\n","protected":false},"author":1,"featured_media":0,"parent":0,"menu_order":0,"comment_status":"closed","ping_status":"closed","template":"","meta":{"_kadence_starter_templates_imported_post":false,"_kad_post_transparent":"","_kad_post_title":"","_kad_post_layout":"","_kad_post_sidebar_id":"","_kad_post_content_style":"","_kad_post_vertical_padding":"","_kad_post_feature":"","_kad_post_feature_position":"","_kad_post_header":false,"_kad_post_footer":false,"_kad_post_classname":"","footnotes":""},"class_list":["post-1673","page","type-page","status-publish","hentry"],"_links":{"self":[{"href":"https:\/\/safer.bike\/fr\/wp-json\/wp\/v2\/pages\/1673","targetHints":{"allow":["GET"]}}],"collection":[{"href":"https:\/\/safer.bike\/fr\/wp-json\/wp\/v2\/pages"}],"about":[{"href":"https:\/\/safer.bike\/fr\/wp-json\/wp\/v2\/types\/page"}],"author":[{"embeddable":true,"href":"https:\/\/safer.bike\/fr\/wp-json\/wp\/v2\/users\/1"}],"replies":[{"embeddable":true,"href":"https:\/\/safer.bike\/fr\/wp-json\/wp\/v2\/comments?post=1673"}],"version-history":[{"count":7,"href":"https:\/\/safer.bike\/fr\/wp-json\/wp\/v2\/pages\/1673\/revisions"}],"predecessor-version":[{"id":100241,"href":"https:\/\/safer.bike\/fr\/wp-json\/wp\/v2\/pages\/1673\/revisions\/100241"}],"wp:attachment":[{"href":"https:\/\/safer.bike\/fr\/wp-json\/wp\/v2\/media?parent=1673"}],"curies":[{"name":"wp","href":"https:\/\/api.w.org\/{rel}","templated":true}]}}