{"id":1760,"date":"2025-08-20T09:29:58","date_gmt":"2025-08-20T09:29:58","guid":{"rendered":"https:\/\/safer.bike\/?page_id=1760"},"modified":"2026-04-08T04:50:40","modified_gmt":"2026-04-08T04:50:40","slug":"politique-de-confidentialite","status":"publish","type":"page","link":"https:\/\/safer.bike\/fr\/politique-de-confidentialite\/","title":{"rendered":"Politique de confidentialit\u00e9"},"content":{"rendered":"\n<p class=\"body has-theme-palette-4-color has-text-color has-link-color wp-elements-8999f303730701361eaa18460332d52d\"><br>D\u00e9claration de confidentialit\u00e9<br>Responsable :<br>Safer.Bike ( filiale de The Taste Jewelry Ltd Hongkong )<br>Contact pour le site web fran\u00e7ais :<br>E-mail : sales@safer.bike<br>Site web : [safer.bike]<br>Version : [20250802]<\/p>\n\n\n\n<ol class=\"wp-block-list\">\n<li>1. Remarques g\u00e9n\u00e9rales et champ d&rsquo;application<br>La pr\u00e9sente d\u00e9claration de confidentialit\u00e9 vous informe sur la nature, l&rsquo;\u00e9tendue et la finalit\u00e9 du traitement des donn\u00e9es \u00e0 caract\u00e8re personnel (ci-apr\u00e8s d\u00e9nomm\u00e9es \u00ab donn\u00e9es \u00bb) sur notre site web. En tant qu&rsquo;entreprise bas\u00e9e \u00e0 Hong Kong qui s&rsquo;adresse \u00e0 des clients dans l&rsquo;Union europ\u00e9enne (UE), nous nous engageons \u00e0 traiter vos donn\u00e9es conform\u00e9ment au r\u00e8glement g\u00e9n\u00e9ral sur la protection des donn\u00e9es (RGPD) de l&rsquo;UE.<\/li>\n\n\n\n<li>2. Vos droits en tant que personne concern\u00e9e<br>Dans le cadre du RGPD, vous disposez des droits suivants :<br>Droit d&rsquo;acc\u00e8s (art. 15 RGPD) : demander des informations sur vos donn\u00e9es \u00e0 caract\u00e8re personnel que nous traitons.<br>Droit de rectification (art. 16 RGPD) : exiger la rectification imm\u00e9diate de vos donn\u00e9es inexactes ou leur compl\u00e9tion.<br>Droit \u00e0 l&rsquo;effacement (\u00ab droit \u00e0 l&rsquo;oubli \u00bb) (art. 17 RGPD) : demander l&rsquo;effacement de vos donn\u00e9es, sous r\u00e9serve des obligations l\u00e9gales de conservation.<br>Droit \u00e0 la limitation du traitement (art. 18 RGPD) : demander la limitation du traitement de vos donn\u00e9es.<br>Droit \u00e0 la portabilit\u00e9 des donn\u00e9es (art. 20 RGPD) : obtenir vos donn\u00e9es dans un format structur\u00e9, couramment utilis\u00e9 et lisible par machine.<br>Droit d&rsquo;opposition (art. 21 RGPD) : vous pouvez vous opposer au traitement de vos donn\u00e9es qui est effectu\u00e9 sur la base de nos int\u00e9r\u00eats l\u00e9gitimes.<br>Droit de retirer votre consentement (art. 7, al. 3 du RGPD) : vous pouvez retirer \u00e0 tout moment votre consentement avec effet pour l&rsquo;avenir.<br>Droit de recours (art. 77 RGPD) : d\u00e9poser une plainte aupr\u00e8s d&rsquo;une autorit\u00e9 de contr\u00f4le.<\/li>\n\n\n\n<li>a) Fichiers journaux du serveur<br>Lorsque vous visitez notre site web, notre fournisseur d&rsquo;acc\u00e8s enregistre automatiquement des informations dans des fichiers journaux du serveur (par exemple, type de navigateur, heure, adresse IP). La base juridique est l&rsquo;art. 6, al. 1, let. f du RGPD (notre int\u00e9r\u00eat l\u00e9gitime \u00e0 disposer d&rsquo;un site web s\u00fbr et fonctionnel).<br>b) Cookies<br>Notre site web utilise des cookies.<br>Cookies techniquement n\u00e9cessaires : ceux-ci sont indispensables pour certaines fonctionnalit\u00e9s du site web, comme le panier d&rsquo;achat. La base juridique est l&rsquo;art. 6, al. 1, let. f du RGPD.<br>Cookies non n\u00e9cessaires (par exemple pour l&rsquo;analyse\/le marketing) : ceux-ci ne sont install\u00e9s qu&rsquo;avec votre consentement explicite via notre banni\u00e8re de cookies (art. 6, al. 1, let. a du RGPD et \u00a7 25 TTDSG &#8211; loi sur la protection des donn\u00e9es dans le domaine des t\u00e9l\u00e9communications et des t\u00e9l\u00e9m\u00e9dias).<br>c) Prise de contact et compte client<br>Lorsque vous nous contactez (par exemple par e-mail) ou cr\u00e9ez un compte client, nous traitons les donn\u00e9es que vous nous fournissez afin de traiter votre demande ou de g\u00e9rer votre compte. La base juridique est l&rsquo;art. 6, al. 1, let. b du RGPD (ex\u00e9cution d&rsquo;un contrat ou mesures pr\u00e9contractuelles).         <\/li>\n\n\n\n<li>4. Traitement des commandes<br>Lorsque vous passez une commande, nous traitons vos donn\u00e9es (nom, adresse, e-mail, d\u00e9tails de la commande) afin d&rsquo;ex\u00e9cuter le contrat. La base juridique est l&rsquo;art. 6, al. 1, let. b du RGPD. Cela comprend le traitement des paiements, des exp\u00e9ditions et des retours.<br>a) Prestataires de services de paiement<br>Nous faisons appel \u00e0 des prestataires de services de paiement externes (par exemple PayPal, Stripe, Klarna). Vos donn\u00e9es de paiement sont trait\u00e9es directement par ces prestataires. Leurs politiques de confidentialit\u00e9 respectives s&rsquo;appliquent. Nous ne stockons aucune donn\u00e9e de paiement sensible.       <\/li>\n\n\n\n<li>5. Transfert de donn\u00e9es vers des pays tiers (Hong Kong et Chine)<br>Pour traiter votre commande, il est n\u00e9cessaire de transf\u00e9rer vos donn\u00e9es personnelles vers des pays situ\u00e9s en dehors de l&rsquo;Union europ\u00e9enne (UE) et de l&rsquo;Espace \u00e9conomique europ\u00e9en (EEE), plus pr\u00e9cis\u00e9ment vers Hong Kong et la R\u00e9publique populaire de Chine (RPC).<br>Il n&rsquo;existe actuellement aucune d\u00e9cision d&rsquo;ad\u00e9quation de la Commission europ\u00e9enne pour Hong Kong et la RPC. Cela signifie que ces pays n&rsquo;offrent officiellement pas un niveau de protection des donn\u00e9es comparable \u00e0 celui de l&rsquo;UE. <br>Le transfert de vos donn\u00e9es est fond\u00e9 sur la d\u00e9rogation pr\u00e9vue \u00e0 l&rsquo;article 49, paragraphe 1, point b), du RGPD. Cet article autorise les transferts de donn\u00e9es n\u00e9cessaires \u00e0 l&rsquo;ex\u00e9cution d&rsquo;un contrat conclu entre vous et nous.<br>Transfert vers Hong Kong : vos donn\u00e9es (nom, adresse, coordonn\u00e9es, informations relatives \u00e0 la commande) sont transf\u00e9r\u00e9es \u00e0 notre si\u00e8ge social, Safer Bike, \u00e0 Hong Kong, \u00e0 des fins de gestion centralis\u00e9e des commandes, de facturation et de service client\u00e8le.<br>En passant une commande, vous concluez un contrat avec nous. Le transfert de vos donn\u00e9es \u00e0 Hong Kong et \u00e0 notre entrep\u00f4t chinois est une \u00e9tape indispensable et n\u00e9cessaire \u00e0 l&rsquo;ex\u00e9cution de ce contrat. Sans ce transfert, nous ne pouvons pas traiter et livrer votre commande.<\/li>\n\n\n\n<li>6. Dur\u00e9e de conservation<br>Nous conservons vos donn\u00e9es uniquement pendant la dur\u00e9e n\u00e9cessaire aux fins pour lesquelles elles ont \u00e9t\u00e9 collect\u00e9es ou pendant la dur\u00e9e pr\u00e9vue par la loi. Les lois allemandes en mati\u00e8re de commerce et de fiscalit\u00e9 nous obligent \u00e0 conserver les documents relatifs aux commandes pendant une dur\u00e9e maximale de 10 ans. <\/li>\n<\/ol>\n\n\n<style>.wp-block-kadence-advancedheading.kt-adv-heading1760_c9cbe7-15, .wp-block-kadence-advancedheading.kt-adv-heading1760_c9cbe7-15[data-kb-block=\"kb-adv-heading1760_c9cbe7-15\"]{font-style:normal;}.wp-block-kadence-advancedheading.kt-adv-heading1760_c9cbe7-15 mark.kt-highlight, .wp-block-kadence-advancedheading.kt-adv-heading1760_c9cbe7-15[data-kb-block=\"kb-adv-heading1760_c9cbe7-15\"] mark.kt-highlight{font-style:normal;color:#f76a0c;-webkit-box-decoration-break:clone;box-decoration-break:clone;padding-top:0px;padding-right:0px;padding-bottom:0px;padding-left:0px;}.wp-block-kadence-advancedheading.kt-adv-heading1760_c9cbe7-15 img.kb-inline-image, .wp-block-kadence-advancedheading.kt-adv-heading1760_c9cbe7-15[data-kb-block=\"kb-adv-heading1760_c9cbe7-15\"] img.kb-inline-image{width:150px;vertical-align:baseline;}<\/style>\n<p class=\"kt-adv-heading1760_c9cbe7-15 wp-block-kadence-advancedheading\" data-kb-block=\"kb-adv-heading1760_c9cbe7-15\"><\/p>\n","protected":false},"excerpt":{"rendered":"<p>D\u00e9claration de confidentialit\u00e9Responsable :Safer.Bike ( filiale de The Taste Jewelry Ltd Hongkong )Contact pour le site web fran\u00e7ais :E-mail : sales@safer.bikeSite web : [safer.bike]Version : [20250802]<\/p>\n","protected":false},"author":1,"featured_media":0,"parent":0,"menu_order":0,"comment_status":"closed","ping_status":"closed","template":"","meta":{"_kadence_starter_templates_imported_post":false,"_kad_post_transparent":"","_kad_post_title":"","_kad_post_layout":"","_kad_post_sidebar_id":"","_kad_post_content_style":"","_kad_post_vertical_padding":"","_kad_post_feature":"","_kad_post_feature_position":"","_kad_post_header":false,"_kad_post_footer":false,"_kad_post_classname":"","footnotes":""},"class_list":["post-1760","page","type-page","status-publish","hentry"],"_links":{"self":[{"href":"https:\/\/safer.bike\/fr\/wp-json\/wp\/v2\/pages\/1760","targetHints":{"allow":["GET"]}}],"collection":[{"href":"https:\/\/safer.bike\/fr\/wp-json\/wp\/v2\/pages"}],"about":[{"href":"https:\/\/safer.bike\/fr\/wp-json\/wp\/v2\/types\/page"}],"author":[{"embeddable":true,"href":"https:\/\/safer.bike\/fr\/wp-json\/wp\/v2\/users\/1"}],"replies":[{"embeddable":true,"href":"https:\/\/safer.bike\/fr\/wp-json\/wp\/v2\/comments?post=1760"}],"version-history":[{"count":5,"href":"https:\/\/safer.bike\/fr\/wp-json\/wp\/v2\/pages\/1760\/revisions"}],"predecessor-version":[{"id":100244,"href":"https:\/\/safer.bike\/fr\/wp-json\/wp\/v2\/pages\/1760\/revisions\/100244"}],"wp:attachment":[{"href":"https:\/\/safer.bike\/fr\/wp-json\/wp\/v2\/media?parent=1760"}],"curies":[{"name":"wp","href":"https:\/\/api.w.org\/{rel}","templated":true}]}}