{"id":1677,"date":"2025-09-09T10:23:12","date_gmt":"2025-09-09T10:23:12","guid":{"rendered":"https:\/\/safer.bike\/?post_type=product&#038;p=1677"},"modified":"2026-03-26T07:34:00","modified_gmt":"2026-03-26T07:34:00","slug":"safety-spacer-snap-band-ecarteur-de-danger-pour-velo","status":"publish","type":"product","link":"https:\/\/safer.bike\/fr\/shop\/safety-spacer-snap-band-ecarteur-de-danger-pour-velo\/","title":{"rendered":"Safety Spacer Snap Band \u2013 \u00c9carteur flexible pour v\u00e9los"},"content":{"rendered":"<p><strong>Donn\u00e9es techniques<\/strong><\/p>\n<ul>\n<li>Bande \u00e0 claquer, film PVC jaune hautement r\u00e9fl\u00e9chissant des deux c\u00f4t\u00e9s, sans phtalates (plastifiants), certifi\u00e9 selon la norme EN 17353 (normes europ\u00e9ennes pour les \u00e9quipements \u00e0 haute visibilit\u00e9 dans les situations \u00e0 risque moyen), int\u00e9rieur avec bande en acier \u00e0 ressort certifi\u00e9e, dimensions: d\u00e9pli\u00e9e 30 cm de long, 3 cm de haut, 0,5 cm de large ; enroul\u00e9e 3 cm de haut, 4 cm de diam\u00e8tre.<\/li>\n<li>Le support pour la bande \u00e0 claquer se compose de 3 pi\u00e8ces pr\u00e9assembl\u00e9es (r\u00e9sine synth\u00e9tique gris fonc\u00e9, silicone blanc). La partie sup\u00e9rieure avec la bande dans la partie inf\u00e9rieure peut pivoter en continu \u00e0 360\u00b0 et s\u2019incliner \u00e0 30\u00b0 dans toutes les directions.<\/li>\n<li>Bande \u00e9lastique en silicone pour fixer le support au guidon, noire, 9,8 cm de long, 2,2 cm de large, adapt\u00e9e aux guidons, tubes et poign\u00e9es d\u2019un diam\u00e8tre maximal de 50 mm.<\/li>\n<\/ul>\n<p>Poids : 50 g<br \/>\nLe Safety Spacer Snap Band \u2013 \u00c9carteur flexible est conforme aux r\u00e9glementations europ\u00e9ennes concernant les \u00e9quipements de protection individuelle.<\/p>\n","protected":false},"excerpt":{"rendered":"<p><strong>Safety Spacer Snap Band ecarteur de danger pour v\u00e9lo \u2013 Ecarteur flexible \u2013 ensemble de trois pi\u00e8ces<\/strong><\/p>\n<ul>\n<li style=\"text-align: left;\">Bande \u00e0 claquer, hautement r\u00e9fl\u00e9chissante des deux c\u00f4t\u00e9s. Dimensions : d\u00e9pli\u00e9e, 30 cm de long, 3 cm de haut.<\/li>\n<li>Support pour la bande \u00e0 claquer. La partie sup\u00e9rieure avec la bande peut pivoter \u00e0 360\u00b0 en continu dans la partie inf\u00e9rieure et s\u2019incliner de 30\u00b0 dans toutes les directions.<\/li>\n<li>Bande \u00e9lastique en silicone pour fixer le support au guidon.<\/li>\n<\/ul>\n<p style=\"text-align: center;\"><strong>Jusqu\u2019\u00e0 20 % de remise quantitative \u00e0 partir de 2 pi\u00e8ces<\/strong><\/p>\n<div style=\"text-align: center;\">\n<table style=\"height: 155px; display: inline-table; width: max-content; margin: 0 auto;\" border=\"1\" rules=\"ROWS\" cellspacing=\"0\" cellpadding=\"2\">\n<tbody>\n<tr>\n<th style=\"padding: 5px; font-weight: normal;\">\n<p style=\"margin: 0;\" align=\"RIGHT\"><b>2<\/b> pcs.:<\/p>\n<\/th>\n<td style=\"padding: 5px;\">\n<p style=\"margin: 0;\" align=\"LEFT\">\u20ac <b>17,90<\/b>\/pc.<\/p>\n<\/td>\n<\/tr>\n<tr>\n<th style=\"padding: 5px; font-weight: normal;\">\n<p style=\"margin: 0;\" align=\"RIGHT\"><b>3<\/b> \u00e0 <b>4<\/b> pcs.:<\/p>\n<\/th>\n<td style=\"padding: 5px;\">\n<p style=\"margin: 0;\" align=\"LEFT\">\u20ac <b>17,40<\/b>\/pc.<\/p>\n<\/td>\n<\/tr>\n<tr>\n<th style=\"padding: 5px; font-weight: normal;\">\n<p style=\"margin: 0;\" align=\"RIGHT\"><b>5<\/b> \u00e0 <b>6<\/b> pcs.:<\/p>\n<\/th>\n<td style=\"padding: 5px;\">\n<p style=\"margin: 0;\" align=\"LEFT\">\u20ac <b>16,90<\/b>\/pc.<\/p>\n<\/td>\n<\/tr>\n<tr>\n<th style=\"padding: 5px; font-weight: normal;\">\n<p style=\"margin: 0;\" align=\"RIGHT\"><b>7<\/b> \u00e0 <b>9<\/b> pcs.:<\/p>\n<\/th>\n<td style=\"padding: 5px;\">\n<p style=\"margin: 0;\" align=\"LEFT\">\u20ac <b>16,40<\/b>\/pc.<\/p>\n<\/td>\n<\/tr>\n<tr>\n<th style=\"padding: 5px; font-weight: normal;\">\n<p style=\"margin: 0;\" align=\"RIGHT\">\u00c0 partir de <b>10<\/b> pcs.:<\/p>\n<\/th>\n<td style=\"padding: 5px;\">\n<p style=\"margin: 0;\" align=\"LEFT\">\u20ac <b>15,90<\/b>\/pc.<\/p>\n<\/td>\n<\/tr>\n<\/tbody>\n<\/table>\n<\/div>\n<p style=\"text-align: center;\"><em>Livraison dans une bo\u00eete en plastique transparente avec instruction de montage.<br \/>\nLivraison gratuite par courrier recommand\u00e9.<\/em><\/p>\n","protected":false},"featured_media":1678,"template":"","meta":{"_kadence_starter_templates_imported_post":false,"_kad_post_transparent":"default","_kad_post_title":"","_kad_post_layout":"default","_kad_post_sidebar_id":"","_kad_post_content_style":"default","_kad_post_vertical_padding":"default","_kad_post_feature":"","_kad_post_feature_position":"","_kad_post_header":false,"_kad_post_footer":false,"_kad_post_classname":""},"product_brand":[],"product_cat":[],"product_tag":[],"class_list":{"0":"post-1677","1":"product","2":"type-product","3":"status-publish","4":"has-post-thumbnail","7":"first","8":"instock","9":"shipping-taxable","10":"purchasable","11":"product-type-simple","12":"entry","13":"content-bg","14":"loop-entry"},"_links":{"self":[{"href":"https:\/\/safer.bike\/fr\/wp-json\/wp\/v2\/product\/1677","targetHints":{"allow":["GET"]}}],"collection":[{"href":"https:\/\/safer.bike\/fr\/wp-json\/wp\/v2\/product"}],"about":[{"href":"https:\/\/safer.bike\/fr\/wp-json\/wp\/v2\/types\/product"}],"wp:featuredmedia":[{"embeddable":true,"href":"https:\/\/safer.bike\/fr\/wp-json\/wp\/v2\/media\/1678"}],"wp:attachment":[{"href":"https:\/\/safer.bike\/fr\/wp-json\/wp\/v2\/media?parent=1677"}],"wp:term":[{"taxonomy":"product_brand","embeddable":true,"href":"https:\/\/safer.bike\/fr\/wp-json\/wp\/v2\/product_brand?post=1677"},{"taxonomy":"product_cat","embeddable":true,"href":"https:\/\/safer.bike\/fr\/wp-json\/wp\/v2\/product_cat?post=1677"},{"taxonomy":"product_tag","embeddable":true,"href":"https:\/\/safer.bike\/fr\/wp-json\/wp\/v2\/product_tag?post=1677"}],"curies":[{"name":"wp","href":"https:\/\/api.w.org\/{rel}","templated":true}]}}