{"id":2016,"date":"2026-01-22T11:15:09","date_gmt":"2026-01-22T11:15:09","guid":{"rendered":"https:\/\/safer.bike\/?post_type=product&#038;p=2016"},"modified":"2026-01-23T13:52:00","modified_gmt":"2026-01-23T13:52:00","slug":"ecarteur-de-danger-pour-velos","status":"publish","type":"product","link":"https:\/\/safer.bike\/fr\/shop\/ecarteur-de-danger-pour-velos\/","title":{"rendered":"\u00c9carteur de danger pour v\u00e9los"},"content":{"rendered":"<p>\u00c9carteur de danger pour v\u00e9los<br \/>\nAvec catadioptre, en plastique, repliable, pour un montage fixe sur le<br \/>\nporte-bagages, conforme au r\u00e8glement ECE 3\/02, longueur env. 30 cm<\/p>\n<p>Notre <a href=\"..\/shop\/safety-spacer-snap-band-ecarteur-de-danger-pour-velo\/\">Safety Spacer Snap Band<\/a> est une \u00e9volution innovante du dispositif d&rsquo;espacement.<\/p>\n","protected":false},"excerpt":{"rendered":"<p>\u00c9carteur de danger pour v\u00e9los<\/p>\n","protected":false},"featured_media":2027,"template":"","meta":{"_kadence_starter_templates_imported_post":false,"_kad_post_transparent":"default","_kad_post_title":"","_kad_post_layout":"default","_kad_post_sidebar_id":"","_kad_post_content_style":"default","_kad_post_vertical_padding":"default","_kad_post_feature":"","_kad_post_feature_position":"","_kad_post_header":false,"_kad_post_footer":false,"_kad_post_classname":""},"product_brand":[],"product_cat":[],"product_tag":[],"class_list":{"0":"post-2016","1":"product","2":"type-product","3":"status-publish","4":"has-post-thumbnail","7":"first","8":"outofstock","9":"shipping-taxable","10":"purchasable","11":"product-type-simple","12":"entry","13":"content-bg","14":"loop-entry"},"_links":{"self":[{"href":"https:\/\/safer.bike\/fr\/wp-json\/wp\/v2\/product\/2016","targetHints":{"allow":["GET"]}}],"collection":[{"href":"https:\/\/safer.bike\/fr\/wp-json\/wp\/v2\/product"}],"about":[{"href":"https:\/\/safer.bike\/fr\/wp-json\/wp\/v2\/types\/product"}],"wp:featuredmedia":[{"embeddable":true,"href":"https:\/\/safer.bike\/fr\/wp-json\/wp\/v2\/media\/2027"}],"wp:attachment":[{"href":"https:\/\/safer.bike\/fr\/wp-json\/wp\/v2\/media?parent=2016"}],"wp:term":[{"taxonomy":"product_brand","embeddable":true,"href":"https:\/\/safer.bike\/fr\/wp-json\/wp\/v2\/product_brand?post=2016"},{"taxonomy":"product_cat","embeddable":true,"href":"https:\/\/safer.bike\/fr\/wp-json\/wp\/v2\/product_cat?post=2016"},{"taxonomy":"product_tag","embeddable":true,"href":"https:\/\/safer.bike\/fr\/wp-json\/wp\/v2\/product_tag?post=2016"}],"curies":[{"name":"wp","href":"https:\/\/api.w.org\/{rel}","templated":true}]}}